{"id":4490,"date":"2023-11-24T12:46:10","date_gmt":"2023-11-24T12:46:10","guid":{"rendered":"https:\/\/shop.dacianodacosta.pt\/?post_type=product&#038;p=4490"},"modified":"2026-03-03T09:34:11","modified_gmt":"2026-03-03T09:34:11","slug":"governor-the-impostor-general","status":"publish","type":"product","link":"http:\/\/shop.dacianodacosta.pt\/pt\/produto\/governor-the-impostor-general\/","title":{"rendered":"Governador | O Impostor Geral"},"content":{"rendered":"<p style=\"font-weight: 400;\">No \u00e2mbito do projeto de valoriza\u00e7\u00e3o da obra de Daciano da Costa selecion\u00e1mos alguns desenhos originais. Estes desenhos foram feitos no desenvolvimento dos figurinos para a pe\u00e7a de estreia do Teatro Villaret, <em>O Impostor Geral<\/em>\u00a0(1965) .Guaches sobre papel. Uma edi\u00e7\u00e3o limitada e numerada de 100 exemplares.<\/p>","protected":false},"excerpt":{"rendered":"<p style=\"font-weight: 400;\">Daciano da Costa (1930 \u2013 2005)<\/p>\n<p style=\"font-weight: 400;\">Ano | 1965<\/p>\n<p style=\"font-weight: 400;\">Dimens\u00f5es | 210 x 297 mm<\/p>\n<p style=\"font-weight: 400;\">Suporte | Fine Art Hahnemuhle<\/p>\n<p style=\"font-weight: 400;\">William Turner 310 g<\/p>\n<p style=\"font-weight: 400;\">100% Algod\u00e3o<\/p>\n<p style=\"font-weight: 400;\">T\u00e9cnica | Serigrafia Digital<\/p>\n<p style=\"font-weight: 400;\">Fabricado em Portugal<\/p>","protected":false},"featured_media":4491,"template":"","meta":[],"product_cat":[178],"product_tag":[315],"class_list":{"0":"post-4490","1":"product","2":"type-product","3":"status-publish","4":"has-post-thumbnail","6":"product_cat-prints","7":"product_tag-presente","8":"product_shipping_class-publications","10":"first","11":"instock","12":"shipping-taxable","13":"purchasable","14":"product-type-simple"},"yoast_head":"<!-- This site is optimized with the Yoast SEO plugin v24.0 - https:\/\/yoast.com\/wordpress\/plugins\/seo\/ -->\n<title>Governor | O Impostor Geral | Daciano da Costa<\/title>\n<meta name=\"robots\" content=\"index, follow, max-snippet:-1, max-image-preview:large, max-video-preview:-1\" \/>\n<link rel=\"canonical\" href=\"https:\/\/shop.dacianodacosta.pt\/pt\/produto\/governor-the-impostor-general\/\" \/>\n<meta property=\"og:locale\" content=\"pt_PT\" \/>\n<meta property=\"og:type\" content=\"article\" \/>\n<meta property=\"og:title\" content=\"Governor | O Impostor Geral | Daciano da Costa\" \/>\n<meta property=\"og:description\" content=\"Daciano da Costa (1930 \u2013 2005) Year | 1965 Dimensions | 210 x 297 mm Support | Fine Art Hahnemuhle William Turner 310 g 100% cotton Technique | Digital Screen Printing Made in Portugal\" \/>\n<meta property=\"og:url\" content=\"https:\/\/shop.dacianodacosta.pt\/pt\/produto\/governor-the-impostor-general\/\" \/>\n<meta property=\"og:site_name\" content=\"Daciano da Costa\" \/>\n<meta property=\"article:publisher\" content=\"https:\/\/www.facebook.com\/atelierdacianodacosta\/\" \/>\n<meta property=\"article:modified_time\" content=\"2026-03-03T09:34:11+00:00\" \/>\n<meta property=\"og:image\" content=\"https:\/\/shop.dacianodacosta.pt\/wp-content\/uploads\/2023\/11\/GOVERNADOR.png\" \/>\n\t<meta property=\"og:image:width\" content=\"4000\" \/>\n\t<meta property=\"og:image:height\" content=\"4000\" \/>\n\t<meta property=\"og:image:type\" content=\"image\/png\" \/>\n<meta name=\"twitter:card\" content=\"summary_large_image\" \/>\n<meta name=\"twitter:label1\" content=\"Tempo estimado de leitura\" \/>\n\t<meta name=\"twitter:data1\" content=\"1 minuto\" \/>\n<script type=\"application\/ld+json\" class=\"yoast-schema-graph\">{\"@context\":\"https:\/\/schema.org\",\"@graph\":[{\"@type\":\"WebPage\",\"@id\":\"https:\/\/shop.dacianodacosta.pt\/product\/governor-the-impostor-general\/\",\"url\":\"https:\/\/shop.dacianodacosta.pt\/product\/governor-the-impostor-general\/\",\"name\":\"Governor | O Impostor Geral | Daciano da Costa\",\"isPartOf\":{\"@id\":\"https:\/\/shop.dacianodacosta.pt\/#website\"},\"primaryImageOfPage\":{\"@id\":\"https:\/\/shop.dacianodacosta.pt\/product\/governor-the-impostor-general\/#primaryimage\"},\"image\":{\"@id\":\"https:\/\/shop.dacianodacosta.pt\/product\/governor-the-impostor-general\/#primaryimage\"},\"thumbnailUrl\":\"https:\/\/shop.dacianodacosta.pt\/wp-content\/uploads\/2023\/11\/GOVERNADOR.png\",\"datePublished\":\"2023-11-24T12:46:10+00:00\",\"dateModified\":\"2026-03-03T09:34:11+00:00\",\"breadcrumb\":{\"@id\":\"https:\/\/shop.dacianodacosta.pt\/product\/governor-the-impostor-general\/#breadcrumb\"},\"inLanguage\":\"pt-PT\",\"potentialAction\":[{\"@type\":\"ReadAction\",\"target\":[\"https:\/\/shop.dacianodacosta.pt\/product\/governor-the-impostor-general\/\"]}]},{\"@type\":\"ImageObject\",\"inLanguage\":\"pt-PT\",\"@id\":\"https:\/\/shop.dacianodacosta.pt\/product\/governor-the-impostor-general\/#primaryimage\",\"url\":\"https:\/\/shop.dacianodacosta.pt\/wp-content\/uploads\/2023\/11\/GOVERNADOR.png\",\"contentUrl\":\"https:\/\/shop.dacianodacosta.pt\/wp-content\/uploads\/2023\/11\/GOVERNADOR.png\",\"width\":4000,\"height\":4000},{\"@type\":\"BreadcrumbList\",\"@id\":\"https:\/\/shop.dacianodacosta.pt\/product\/governor-the-impostor-general\/#breadcrumb\",\"itemListElement\":[{\"@type\":\"ListItem\",\"position\":1,\"name\":\"Home\",\"item\":\"https:\/\/shop.dacianodacosta.pt\/\"},{\"@type\":\"ListItem\",\"position\":2,\"name\":\"Shop\",\"item\":\"https:\/\/shop.dacianodacosta.pt\/pt\/shop\/\"},{\"@type\":\"ListItem\",\"position\":3,\"name\":\"Governor | O Impostor Geral\"}]},{\"@type\":\"WebSite\",\"@id\":\"https:\/\/shop.dacianodacosta.pt\/#website\",\"url\":\"https:\/\/shop.dacianodacosta.pt\/\",\"name\":\"Daciano da Costa\",\"description\":\"Official Site\",\"publisher\":{\"@id\":\"https:\/\/shop.dacianodacosta.pt\/#organization\"},\"potentialAction\":[{\"@type\":\"SearchAction\",\"target\":{\"@type\":\"EntryPoint\",\"urlTemplate\":\"https:\/\/shop.dacianodacosta.pt\/?s={search_term_string}\"},\"query-input\":{\"@type\":\"PropertyValueSpecification\",\"valueRequired\":true,\"valueName\":\"search_term_string\"}}],\"inLanguage\":\"pt-PT\"},{\"@type\":\"Organization\",\"@id\":\"https:\/\/shop.dacianodacosta.pt\/#organization\",\"name\":\"Atelier Daciano Da Costa\",\"url\":\"https:\/\/shop.dacianodacosta.pt\/\",\"logo\":{\"@type\":\"ImageObject\",\"inLanguage\":\"pt-PT\",\"@id\":\"https:\/\/shop.dacianodacosta.pt\/#\/schema\/logo\/image\/\",\"url\":\"https:\/\/shop.dacianodacosta.pt\/wp-content\/uploads\/2021\/01\/Logo-1.png\",\"contentUrl\":\"https:\/\/shop.dacianodacosta.pt\/wp-content\/uploads\/2021\/01\/Logo-1.png\",\"width\":513,\"height\":513,\"caption\":\"Atelier Daciano Da Costa\"},\"image\":{\"@id\":\"https:\/\/shop.dacianodacosta.pt\/#\/schema\/logo\/image\/\"},\"sameAs\":[\"https:\/\/www.facebook.com\/atelierdacianodacosta\/\",\"https:\/\/www.instagram.com\/atelierdacianodacosta\/\"]}]}<\/script>\n<!-- \/ Yoast SEO plugin. -->","yoast_head_json":{"title":"Governor | O Impostor Geral | Daciano da Costa","robots":{"index":"index","follow":"follow","max-snippet":"max-snippet:-1","max-image-preview":"max-image-preview:large","max-video-preview":"max-video-preview:-1"},"canonical":"https:\/\/shop.dacianodacosta.pt\/pt\/produto\/governor-the-impostor-general\/","og_locale":"pt_PT","og_type":"article","og_title":"Governor | O Impostor Geral | Daciano da Costa","og_description":"Daciano da Costa (1930 \u2013 2005) Year | 1965 Dimensions | 210 x 297 mm Support | Fine Art Hahnemuhle William Turner 310 g 100% cotton Technique | Digital Screen Printing Made in Portugal","og_url":"https:\/\/shop.dacianodacosta.pt\/pt\/produto\/governor-the-impostor-general\/","og_site_name":"Daciano da Costa","article_publisher":"https:\/\/www.facebook.com\/atelierdacianodacosta\/","article_modified_time":"2026-03-03T09:34:11+00:00","og_image":[{"width":4000,"height":4000,"url":"https:\/\/shop.dacianodacosta.pt\/wp-content\/uploads\/2023\/11\/GOVERNADOR.png","type":"image\/png"}],"twitter_card":"summary_large_image","twitter_misc":{"Tempo estimado de leitura":"1 minuto"},"schema":{"@context":"https:\/\/schema.org","@graph":[{"@type":"WebPage","@id":"https:\/\/shop.dacianodacosta.pt\/product\/governor-the-impostor-general\/","url":"https:\/\/shop.dacianodacosta.pt\/product\/governor-the-impostor-general\/","name":"Governor | O Impostor Geral | Daciano da Costa","isPartOf":{"@id":"https:\/\/shop.dacianodacosta.pt\/#website"},"primaryImageOfPage":{"@id":"https:\/\/shop.dacianodacosta.pt\/product\/governor-the-impostor-general\/#primaryimage"},"image":{"@id":"https:\/\/shop.dacianodacosta.pt\/product\/governor-the-impostor-general\/#primaryimage"},"thumbnailUrl":"https:\/\/shop.dacianodacosta.pt\/wp-content\/uploads\/2023\/11\/GOVERNADOR.png","datePublished":"2023-11-24T12:46:10+00:00","dateModified":"2026-03-03T09:34:11+00:00","breadcrumb":{"@id":"https:\/\/shop.dacianodacosta.pt\/product\/governor-the-impostor-general\/#breadcrumb"},"inLanguage":"pt-PT","potentialAction":[{"@type":"ReadAction","target":["https:\/\/shop.dacianodacosta.pt\/product\/governor-the-impostor-general\/"]}]},{"@type":"ImageObject","inLanguage":"pt-PT","@id":"https:\/\/shop.dacianodacosta.pt\/product\/governor-the-impostor-general\/#primaryimage","url":"https:\/\/shop.dacianodacosta.pt\/wp-content\/uploads\/2023\/11\/GOVERNADOR.png","contentUrl":"https:\/\/shop.dacianodacosta.pt\/wp-content\/uploads\/2023\/11\/GOVERNADOR.png","width":4000,"height":4000},{"@type":"BreadcrumbList","@id":"https:\/\/shop.dacianodacosta.pt\/product\/governor-the-impostor-general\/#breadcrumb","itemListElement":[{"@type":"ListItem","position":1,"name":"Home","item":"https:\/\/shop.dacianodacosta.pt\/"},{"@type":"ListItem","position":2,"name":"Shop","item":"https:\/\/shop.dacianodacosta.pt\/pt\/shop\/"},{"@type":"ListItem","position":3,"name":"Governor | O Impostor Geral"}]},{"@type":"WebSite","@id":"https:\/\/shop.dacianodacosta.pt\/#website","url":"https:\/\/shop.dacianodacosta.pt\/","name":"Daciano da Costa","description":"Official Site","publisher":{"@id":"https:\/\/shop.dacianodacosta.pt\/#organization"},"potentialAction":[{"@type":"SearchAction","target":{"@type":"EntryPoint","urlTemplate":"https:\/\/shop.dacianodacosta.pt\/?s={search_term_string}"},"query-input":{"@type":"PropertyValueSpecification","valueRequired":true,"valueName":"search_term_string"}}],"inLanguage":"pt-PT"},{"@type":"Organization","@id":"https:\/\/shop.dacianodacosta.pt\/#organization","name":"Atelier Daciano Da Costa","url":"https:\/\/shop.dacianodacosta.pt\/","logo":{"@type":"ImageObject","inLanguage":"pt-PT","@id":"https:\/\/shop.dacianodacosta.pt\/#\/schema\/logo\/image\/","url":"https:\/\/shop.dacianodacosta.pt\/wp-content\/uploads\/2021\/01\/Logo-1.png","contentUrl":"https:\/\/shop.dacianodacosta.pt\/wp-content\/uploads\/2021\/01\/Logo-1.png","width":513,"height":513,"caption":"Atelier Daciano Da Costa"},"image":{"@id":"https:\/\/shop.dacianodacosta.pt\/#\/schema\/logo\/image\/"},"sameAs":["https:\/\/www.facebook.com\/atelierdacianodacosta\/","https:\/\/www.instagram.com\/atelierdacianodacosta\/"]}]}},"_links":{"self":[{"href":"http:\/\/shop.dacianodacosta.pt\/pt\/wp-json\/wp\/v2\/product\/4490","targetHints":{"allow":["GET"]}}],"collection":[{"href":"http:\/\/shop.dacianodacosta.pt\/pt\/wp-json\/wp\/v2\/product"}],"about":[{"href":"http:\/\/shop.dacianodacosta.pt\/pt\/wp-json\/wp\/v2\/types\/product"}],"wp:featuredmedia":[{"embeddable":true,"href":"http:\/\/shop.dacianodacosta.pt\/pt\/wp-json\/wp\/v2\/media\/4491"}],"wp:attachment":[{"href":"http:\/\/shop.dacianodacosta.pt\/pt\/wp-json\/wp\/v2\/media?parent=4490"}],"wp:term":[{"taxonomy":"product_cat","embeddable":true,"href":"http:\/\/shop.dacianodacosta.pt\/pt\/wp-json\/wp\/v2\/product_cat?post=4490"},{"taxonomy":"product_tag","embeddable":true,"href":"http:\/\/shop.dacianodacosta.pt\/pt\/wp-json\/wp\/v2\/product_tag?post=4490"}],"curies":[{"name":"wp","href":"https:\/\/api.w.org\/{rel}","templated":true}]}}