{"id":1569,"date":"2021-02-17T15:43:00","date_gmt":"2021-02-17T15:43:00","guid":{"rendered":"https:\/\/shop.dacianodacosta.pt\/?post_type=product&#038;p=1569"},"modified":"2026-03-03T09:38:11","modified_gmt":"2026-03-03T09:38:11","slug":"palace-04","status":"publish","type":"product","link":"https:\/\/shop.dacianodacosta.pt\/pt\/produto\/palace-04\/","title":{"rendered":"Palace 04"},"content":{"rendered":"<p>A Cole\u00e7\u00e3o de Cer\u00e2mica do Pal\u00e1cio \u00e9 um dos muitos conjuntos de objetos desenhados por Daciano da Costa para o <a href=\"https:\/\/www.dacianodacosta.pt\/en\/the-work\/detail\/hotel-madeira-hiltonmadeira-palacio\/254\/\">Hotel Madeira Hilton \/ Madeira Palace<\/a>\u00a0interiores na d\u00e9cada de 1970. As quatro pe\u00e7as agora reeditadas, feitas nas suas cinco cores originais, sugerem um jogo de desenho modular e geom\u00e9trico que se pode desdobrar em m\u00faltiplas combina\u00e7\u00f5es.<\/p>\n<p>A linha \u00e9 composta por quatro pe\u00e7as em faian\u00e7a nas cinco cores, azul alfazema escuro, verde lima, vermelho , laranja vibrante e amarelo can\u00e1rio. Tr\u00eas jarras de tr\u00eas tamanhos, 01 pequeno, 02 m\u00e9dio, 03 grande, e um cinzeiro 04.<\/p>\n<p>As cores reais do produto podem variar das cores visualizadas no seu monitor. Se tiver alguma d\u00favida, por favor entre em contacto connosco.<\/p>\n<p><a href=\"https:\/\/shop.dacianodacosta.pt\/wp-content\/uploads\/2021\/02\/Cat\u00e1logo_Palace.pdf.pdf\" target=\"_blank\" rel=\"noopener\">Cat\u00e1logo_Palace.pdf<\/a><\/p>","protected":false},"excerpt":{"rendered":"<p>A Cole\u00e7\u00e3o de Cer\u00e2mica do Pal\u00e1cio \u00e9 um dos muitos conjuntos de objetos desenhados por Daciano da Costa para o\u00a0<a href=\"https:\/\/www.dacianodacosta.pt\/en\/the-work\/detail\/hotel-madeira-hiltonmadeira-palacio\/254\/\">Hotel Madeira Hilton \/ Madeira Palace<\/a>\u00a0interiores na d\u00e9cada de 1970. As quatro pe\u00e7as agora reeditadas, feitas nas suas cinco cores originais, sugerem um jogo de desenho modular e geom\u00e9trico que se pode desdobrar em m\u00faltiplas combina\u00e7\u00f5es.<\/p>\n<p>Fabricado em Portugal.<\/p>\n<p>&nbsp;<\/p>","protected":false},"featured_media":2891,"template":"","meta":[],"product_cat":[145],"product_tag":[315,161],"class_list":{"0":"post-1569","1":"product","2":"type-product","3":"status-publish","4":"has-post-thumbnail","6":"product_cat-objects","7":"product_tag-presente","8":"product_tag-palace","9":"product_shipping_class-palace","10":"pa_color-blue","11":"pa_color-green","12":"pa_color-orange","13":"pa_color-red","14":"pa_color-yellow","16":"first","17":"instock","18":"shipping-taxable","19":"purchasable","20":"product-type-variable"},"yoast_head":"<!-- This site is optimized with the Yoast SEO plugin v24.0 - https:\/\/yoast.com\/wordpress\/plugins\/seo\/ -->\n<title>Palace 04 | Daciano da Costa<\/title>\n<meta name=\"description\" content=\"The Palace Ceramics Collection is one of the many sets of objects designed by Daciano da Costa for the Hotel Madeira Hilton \/ Madeira Palace\u00a0interiors in the 1970\u00b4s. The four pieces now reissued, made in its original five colors, suggest a game of a modular and geometric design that can unfold in multiple combinations.\" \/>\n<meta name=\"robots\" content=\"index, follow, max-snippet:-1, max-image-preview:large, max-video-preview:-1\" \/>\n<link rel=\"canonical\" href=\"https:\/\/shop.dacianodacosta.pt\/pt\/produto\/palace-04\/\" \/>\n<meta property=\"og:locale\" content=\"pt_PT\" \/>\n<meta property=\"og:type\" content=\"article\" \/>\n<meta property=\"og:title\" content=\"Palace 04 | Daciano da Costa\" \/>\n<meta property=\"og:description\" content=\"The Palace Ceramics Collection is one of the many sets of objects designed by Daciano da Costa for the Hotel Madeira Hilton \/ Madeira Palace\u00a0interiors in the 1970\u00b4s. The four pieces now reissued, made in its original five colors, suggest a game of a modular and geometric design that can unfold in multiple combinations.\" \/>\n<meta property=\"og:url\" content=\"https:\/\/shop.dacianodacosta.pt\/pt\/produto\/palace-04\/\" \/>\n<meta property=\"og:site_name\" content=\"Daciano da Costa\" \/>\n<meta property=\"article:publisher\" content=\"https:\/\/www.facebook.com\/atelierdacianodacosta\/\" \/>\n<meta property=\"article:modified_time\" content=\"2026-03-03T09:38:11+00:00\" \/>\n<meta property=\"og:image\" content=\"https:\/\/shop.dacianodacosta.pt\/wp-content\/uploads\/2021\/02\/PLC04_L.png\" \/>\n\t<meta property=\"og:image:width\" content=\"627\" \/>\n\t<meta property=\"og:image:height\" content=\"590\" \/>\n\t<meta property=\"og:image:type\" content=\"image\/png\" \/>\n<meta name=\"twitter:card\" content=\"summary_large_image\" \/>\n<meta name=\"twitter:label1\" content=\"Tempo estimado de leitura\" \/>\n\t<meta name=\"twitter:data1\" content=\"1 minuto\" \/>\n<script type=\"application\/ld+json\" class=\"yoast-schema-graph\">{\"@context\":\"https:\/\/schema.org\",\"@graph\":[{\"@type\":\"WebPage\",\"@id\":\"https:\/\/shop.dacianodacosta.pt\/product\/palace-04\/\",\"url\":\"https:\/\/shop.dacianodacosta.pt\/product\/palace-04\/\",\"name\":\"Palace 04 | Daciano da Costa\",\"isPartOf\":{\"@id\":\"https:\/\/shop.dacianodacosta.pt\/#website\"},\"primaryImageOfPage\":{\"@id\":\"https:\/\/shop.dacianodacosta.pt\/product\/palace-04\/#primaryimage\"},\"image\":{\"@id\":\"https:\/\/shop.dacianodacosta.pt\/product\/palace-04\/#primaryimage\"},\"thumbnailUrl\":\"https:\/\/shop.dacianodacosta.pt\/wp-content\/uploads\/2021\/02\/PLC04_L.png\",\"datePublished\":\"2021-02-17T15:43:00+00:00\",\"dateModified\":\"2026-03-03T09:38:11+00:00\",\"description\":\"The Palace Ceramics Collection is one of the many sets of objects designed by Daciano da Costa for the Hotel Madeira Hilton \/ Madeira Palace\u00a0interiors in the 1970\u00b4s. The four pieces now reissued, made in its original five colors, suggest a game of a modular and geometric design that can unfold in multiple combinations.\",\"breadcrumb\":{\"@id\":\"https:\/\/shop.dacianodacosta.pt\/product\/palace-04\/#breadcrumb\"},\"inLanguage\":\"pt-PT\",\"potentialAction\":[{\"@type\":\"ReadAction\",\"target\":[\"https:\/\/shop.dacianodacosta.pt\/product\/palace-04\/\"]}]},{\"@type\":\"ImageObject\",\"inLanguage\":\"pt-PT\",\"@id\":\"https:\/\/shop.dacianodacosta.pt\/product\/palace-04\/#primaryimage\",\"url\":\"https:\/\/shop.dacianodacosta.pt\/wp-content\/uploads\/2021\/02\/PLC04_L.png\",\"contentUrl\":\"https:\/\/shop.dacianodacosta.pt\/wp-content\/uploads\/2021\/02\/PLC04_L.png\",\"width\":627,\"height\":590},{\"@type\":\"BreadcrumbList\",\"@id\":\"https:\/\/shop.dacianodacosta.pt\/product\/palace-04\/#breadcrumb\",\"itemListElement\":[{\"@type\":\"ListItem\",\"position\":1,\"name\":\"Home\",\"item\":\"https:\/\/shop.dacianodacosta.pt\/\"},{\"@type\":\"ListItem\",\"position\":2,\"name\":\"Shop\",\"item\":\"https:\/\/shop.dacianodacosta.pt\/pt\/shop\/\"},{\"@type\":\"ListItem\",\"position\":3,\"name\":\"Palace 04\"}]},{\"@type\":\"WebSite\",\"@id\":\"https:\/\/shop.dacianodacosta.pt\/#website\",\"url\":\"https:\/\/shop.dacianodacosta.pt\/\",\"name\":\"Daciano da Costa\",\"description\":\"Official Site\",\"publisher\":{\"@id\":\"https:\/\/shop.dacianodacosta.pt\/#organization\"},\"potentialAction\":[{\"@type\":\"SearchAction\",\"target\":{\"@type\":\"EntryPoint\",\"urlTemplate\":\"https:\/\/shop.dacianodacosta.pt\/?s={search_term_string}\"},\"query-input\":{\"@type\":\"PropertyValueSpecification\",\"valueRequired\":true,\"valueName\":\"search_term_string\"}}],\"inLanguage\":\"pt-PT\"},{\"@type\":\"Organization\",\"@id\":\"https:\/\/shop.dacianodacosta.pt\/#organization\",\"name\":\"Atelier Daciano Da Costa\",\"url\":\"https:\/\/shop.dacianodacosta.pt\/\",\"logo\":{\"@type\":\"ImageObject\",\"inLanguage\":\"pt-PT\",\"@id\":\"https:\/\/shop.dacianodacosta.pt\/#\/schema\/logo\/image\/\",\"url\":\"https:\/\/shop.dacianodacosta.pt\/wp-content\/uploads\/2021\/01\/Logo-1.png\",\"contentUrl\":\"https:\/\/shop.dacianodacosta.pt\/wp-content\/uploads\/2021\/01\/Logo-1.png\",\"width\":513,\"height\":513,\"caption\":\"Atelier Daciano Da Costa\"},\"image\":{\"@id\":\"https:\/\/shop.dacianodacosta.pt\/#\/schema\/logo\/image\/\"},\"sameAs\":[\"https:\/\/www.facebook.com\/atelierdacianodacosta\/\",\"https:\/\/www.instagram.com\/atelierdacianodacosta\/\"]}]}<\/script>\n<!-- \/ Yoast SEO plugin. -->","yoast_head_json":{"title":"Palace 04 | Daciano da Costa","description":"The Palace Ceramics Collection is one of the many sets of objects designed by Daciano da Costa for the Hotel Madeira Hilton \/ Madeira Palace\u00a0interiors in the 1970\u00b4s. The four pieces now reissued, made in its original five colors, suggest a game of a modular and geometric design that can unfold in multiple combinations.","robots":{"index":"index","follow":"follow","max-snippet":"max-snippet:-1","max-image-preview":"max-image-preview:large","max-video-preview":"max-video-preview:-1"},"canonical":"https:\/\/shop.dacianodacosta.pt\/pt\/produto\/palace-04\/","og_locale":"pt_PT","og_type":"article","og_title":"Palace 04 | Daciano da Costa","og_description":"The Palace Ceramics Collection is one of the many sets of objects designed by Daciano da Costa for the Hotel Madeira Hilton \/ Madeira Palace\u00a0interiors in the 1970\u00b4s. The four pieces now reissued, made in its original five colors, suggest a game of a modular and geometric design that can unfold in multiple combinations.","og_url":"https:\/\/shop.dacianodacosta.pt\/pt\/produto\/palace-04\/","og_site_name":"Daciano da Costa","article_publisher":"https:\/\/www.facebook.com\/atelierdacianodacosta\/","article_modified_time":"2026-03-03T09:38:11+00:00","og_image":[{"width":627,"height":590,"url":"https:\/\/shop.dacianodacosta.pt\/wp-content\/uploads\/2021\/02\/PLC04_L.png","type":"image\/png"}],"twitter_card":"summary_large_image","twitter_misc":{"Tempo estimado de leitura":"1 minuto"},"schema":{"@context":"https:\/\/schema.org","@graph":[{"@type":"WebPage","@id":"https:\/\/shop.dacianodacosta.pt\/product\/palace-04\/","url":"https:\/\/shop.dacianodacosta.pt\/product\/palace-04\/","name":"Palace 04 | Daciano da Costa","isPartOf":{"@id":"https:\/\/shop.dacianodacosta.pt\/#website"},"primaryImageOfPage":{"@id":"https:\/\/shop.dacianodacosta.pt\/product\/palace-04\/#primaryimage"},"image":{"@id":"https:\/\/shop.dacianodacosta.pt\/product\/palace-04\/#primaryimage"},"thumbnailUrl":"https:\/\/shop.dacianodacosta.pt\/wp-content\/uploads\/2021\/02\/PLC04_L.png","datePublished":"2021-02-17T15:43:00+00:00","dateModified":"2026-03-03T09:38:11+00:00","description":"The Palace Ceramics Collection is one of the many sets of objects designed by Daciano da Costa for the Hotel Madeira Hilton \/ Madeira Palace\u00a0interiors in the 1970\u00b4s. The four pieces now reissued, made in its original five colors, suggest a game of a modular and geometric design that can unfold in multiple combinations.","breadcrumb":{"@id":"https:\/\/shop.dacianodacosta.pt\/product\/palace-04\/#breadcrumb"},"inLanguage":"pt-PT","potentialAction":[{"@type":"ReadAction","target":["https:\/\/shop.dacianodacosta.pt\/product\/palace-04\/"]}]},{"@type":"ImageObject","inLanguage":"pt-PT","@id":"https:\/\/shop.dacianodacosta.pt\/product\/palace-04\/#primaryimage","url":"https:\/\/shop.dacianodacosta.pt\/wp-content\/uploads\/2021\/02\/PLC04_L.png","contentUrl":"https:\/\/shop.dacianodacosta.pt\/wp-content\/uploads\/2021\/02\/PLC04_L.png","width":627,"height":590},{"@type":"BreadcrumbList","@id":"https:\/\/shop.dacianodacosta.pt\/product\/palace-04\/#breadcrumb","itemListElement":[{"@type":"ListItem","position":1,"name":"Home","item":"https:\/\/shop.dacianodacosta.pt\/"},{"@type":"ListItem","position":2,"name":"Shop","item":"https:\/\/shop.dacianodacosta.pt\/pt\/shop\/"},{"@type":"ListItem","position":3,"name":"Palace 04"}]},{"@type":"WebSite","@id":"https:\/\/shop.dacianodacosta.pt\/#website","url":"https:\/\/shop.dacianodacosta.pt\/","name":"Daciano da Costa","description":"Official Site","publisher":{"@id":"https:\/\/shop.dacianodacosta.pt\/#organization"},"potentialAction":[{"@type":"SearchAction","target":{"@type":"EntryPoint","urlTemplate":"https:\/\/shop.dacianodacosta.pt\/?s={search_term_string}"},"query-input":{"@type":"PropertyValueSpecification","valueRequired":true,"valueName":"search_term_string"}}],"inLanguage":"pt-PT"},{"@type":"Organization","@id":"https:\/\/shop.dacianodacosta.pt\/#organization","name":"Atelier Daciano Da Costa","url":"https:\/\/shop.dacianodacosta.pt\/","logo":{"@type":"ImageObject","inLanguage":"pt-PT","@id":"https:\/\/shop.dacianodacosta.pt\/#\/schema\/logo\/image\/","url":"https:\/\/shop.dacianodacosta.pt\/wp-content\/uploads\/2021\/01\/Logo-1.png","contentUrl":"https:\/\/shop.dacianodacosta.pt\/wp-content\/uploads\/2021\/01\/Logo-1.png","width":513,"height":513,"caption":"Atelier Daciano Da Costa"},"image":{"@id":"https:\/\/shop.dacianodacosta.pt\/#\/schema\/logo\/image\/"},"sameAs":["https:\/\/www.facebook.com\/atelierdacianodacosta\/","https:\/\/www.instagram.com\/atelierdacianodacosta\/"]}]}},"_links":{"self":[{"href":"https:\/\/shop.dacianodacosta.pt\/pt\/wp-json\/wp\/v2\/product\/1569","targetHints":{"allow":["GET"]}}],"collection":[{"href":"https:\/\/shop.dacianodacosta.pt\/pt\/wp-json\/wp\/v2\/product"}],"about":[{"href":"https:\/\/shop.dacianodacosta.pt\/pt\/wp-json\/wp\/v2\/types\/product"}],"wp:featuredmedia":[{"embeddable":true,"href":"https:\/\/shop.dacianodacosta.pt\/pt\/wp-json\/wp\/v2\/media\/2891"}],"wp:attachment":[{"href":"https:\/\/shop.dacianodacosta.pt\/pt\/wp-json\/wp\/v2\/media?parent=1569"}],"wp:term":[{"taxonomy":"product_cat","embeddable":true,"href":"https:\/\/shop.dacianodacosta.pt\/pt\/wp-json\/wp\/v2\/product_cat?post=1569"},{"taxonomy":"product_tag","embeddable":true,"href":"https:\/\/shop.dacianodacosta.pt\/pt\/wp-json\/wp\/v2\/product_tag?post=1569"}],"curies":[{"name":"wp","href":"https:\/\/api.w.org\/{rel}","templated":true}]}}