{"id":1700,"date":"2021-03-04T10:49:55","date_gmt":"2021-03-04T10:49:55","guid":{"rendered":"https:\/\/shop.dacianodacosta.pt\/?post_type=product&#038;p=1700"},"modified":"2025-09-18T13:30:31","modified_gmt":"2025-09-18T13:30:31","slug":"pedra-estremoz-altis","status":"publish","type":"product","link":"https:\/\/shop.dacianodacosta.pt\/pt\/produto\/pedra-estremoz-altis\/","title":{"rendered":"Pedra Estremoz Altis"},"content":{"rendered":"<p>First series reissued in Estremoz marble from the Alto Alentejo area in Portugal.<\/p>\n<p>ESTREMOZ MARBLE<\/p>\n<p>Geological framework<br \/>\nThese crystalline limestones, whose probable geological<br \/>\nage is Cambrian to upper Siluric, are integrated in the SW<br \/>\nflank of the Estremoz-Borba-Vila Vi\u00e7osa (Alto Alentejo)\u00a0anticlinorium.<\/p>\n<p>Location<br \/>\nDistrict &#8211; \u00c9vora<br \/>\nCounty &#8211; Estremoz<\/p>\n<p>Macroscopy Description<br \/>\nWhite marble slightly pink and gray, with a medium grain,<br \/>\nfine structure and saccharide.<\/p>\n<p>Microscopy Description<br \/>\nCalcitic marble with granoblastic texture and great textural<br \/>\nhomogeneity.<\/p>\n<p>Fabricado em Portugal.<\/p>\n<p><a href=\"https:\/\/shop.dacianodacosta.pt\/wp-content\/uploads\/2021\/03\/Pedra-Altis-01.pdf\" target=\"_blank\" rel=\"noopener\">Pedra Altis 01.pdf<\/a><\/p>\n<p><a href=\"https:\/\/shop.dacianodacosta.pt\/wp-content\/uploads\/2021\/03\/Pedra-Altis-02.pdf\" target=\"_blank\" rel=\"noopener\">Pedra Altis 02.pdf<\/a><\/p>","protected":false},"excerpt":{"rendered":"<p>A S\u00e9rie Estremoz \u00e9 representada por alguns dos objectos seleccionados, pertencentes ao patrim\u00f3nio privado existente do Atelier. Primeira s\u00e9rie reeditada em m\u00e1rmore de Estremoz do Alto Alentejo em Portugal.<\/p>\n<p><strong>Fabricado em Portugal<\/strong><\/p>\n<p>&nbsp;<\/p>","protected":false},"featured_media":3032,"template":"","meta":[],"product_cat":[145],"product_tag":[160],"class_list":{"0":"post-1700","1":"product","2":"type-product","3":"status-publish","4":"has-post-thumbnail","6":"product_cat-objects","7":"product_tag-pedra","8":"product_shipping_class-pedra","9":"pa_size-large","10":"pa_size-medium","12":"first","13":"outofstock","14":"shipping-taxable","15":"purchasable","16":"product-type-variable"},"yoast_head":"<!-- This site is optimized with the Yoast SEO plugin v24.0 - https:\/\/yoast.com\/wordpress\/plugins\/seo\/ -->\n<title>Pedra Estremoz Altis | Daciano da Costa<\/title>\n<meta name=\"description\" content=\"First series reissued in Estremoz marble from the Alto Alentejo area in Portugal.\" \/>\n<meta name=\"robots\" content=\"index, follow, max-snippet:-1, max-image-preview:large, max-video-preview:-1\" \/>\n<link rel=\"canonical\" href=\"https:\/\/shop.dacianodacosta.pt\/pt\/produto\/pedra-estremoz-altis\/\" \/>\n<meta property=\"og:locale\" content=\"pt_PT\" \/>\n<meta property=\"og:type\" content=\"article\" \/>\n<meta property=\"og:title\" content=\"Pedra Estremoz Altis | Daciano da Costa\" \/>\n<meta property=\"og:description\" content=\"First series reissued in Estremoz marble from the Alto Alentejo area in Portugal.\" \/>\n<meta property=\"og:url\" content=\"https:\/\/shop.dacianodacosta.pt\/pt\/produto\/pedra-estremoz-altis\/\" \/>\n<meta property=\"og:site_name\" content=\"Daciano da Costa\" \/>\n<meta property=\"article:publisher\" content=\"https:\/\/www.facebook.com\/atelierdacianodacosta\/\" \/>\n<meta property=\"article:modified_time\" content=\"2025-09-18T13:30:31+00:00\" \/>\n<meta property=\"og:image\" content=\"https:\/\/shop.dacianodacosta.pt\/wp-content\/uploads\/2021\/03\/PEDRA2.png\" \/>\n\t<meta property=\"og:image:width\" content=\"627\" \/>\n\t<meta property=\"og:image:height\" content=\"590\" \/>\n\t<meta property=\"og:image:type\" content=\"image\/png\" \/>\n<meta name=\"twitter:card\" content=\"summary_large_image\" \/>\n<script type=\"application\/ld+json\" class=\"yoast-schema-graph\">{\"@context\":\"https:\/\/schema.org\",\"@graph\":[{\"@type\":\"WebPage\",\"@id\":\"https:\/\/shop.dacianodacosta.pt\/product\/pedra-estremoz-altis\/\",\"url\":\"https:\/\/shop.dacianodacosta.pt\/product\/pedra-estremoz-altis\/\",\"name\":\"Pedra Estremoz Altis | Daciano da Costa\",\"isPartOf\":{\"@id\":\"https:\/\/shop.dacianodacosta.pt\/#website\"},\"primaryImageOfPage\":{\"@id\":\"https:\/\/shop.dacianodacosta.pt\/product\/pedra-estremoz-altis\/#primaryimage\"},\"image\":{\"@id\":\"https:\/\/shop.dacianodacosta.pt\/product\/pedra-estremoz-altis\/#primaryimage\"},\"thumbnailUrl\":\"https:\/\/shop.dacianodacosta.pt\/wp-content\/uploads\/2021\/03\/PEDRA2.png\",\"datePublished\":\"2021-03-04T10:49:55+00:00\",\"dateModified\":\"2025-09-18T13:30:31+00:00\",\"description\":\"First series reissued in Estremoz marble from the Alto Alentejo area in Portugal.\",\"breadcrumb\":{\"@id\":\"https:\/\/shop.dacianodacosta.pt\/product\/pedra-estremoz-altis\/#breadcrumb\"},\"inLanguage\":\"pt-PT\",\"potentialAction\":[{\"@type\":\"ReadAction\",\"target\":[\"https:\/\/shop.dacianodacosta.pt\/product\/pedra-estremoz-altis\/\"]}]},{\"@type\":\"ImageObject\",\"inLanguage\":\"pt-PT\",\"@id\":\"https:\/\/shop.dacianodacosta.pt\/product\/pedra-estremoz-altis\/#primaryimage\",\"url\":\"https:\/\/shop.dacianodacosta.pt\/wp-content\/uploads\/2021\/03\/PEDRA2.png\",\"contentUrl\":\"https:\/\/shop.dacianodacosta.pt\/wp-content\/uploads\/2021\/03\/PEDRA2.png\",\"width\":627,\"height\":590},{\"@type\":\"BreadcrumbList\",\"@id\":\"https:\/\/shop.dacianodacosta.pt\/product\/pedra-estremoz-altis\/#breadcrumb\",\"itemListElement\":[{\"@type\":\"ListItem\",\"position\":1,\"name\":\"Home\",\"item\":\"https:\/\/shop.dacianodacosta.pt\/\"},{\"@type\":\"ListItem\",\"position\":2,\"name\":\"Shop\",\"item\":\"https:\/\/shop.dacianodacosta.pt\/pt\/shop\/\"},{\"@type\":\"ListItem\",\"position\":3,\"name\":\"Pedra Estremoz Altis\"}]},{\"@type\":\"WebSite\",\"@id\":\"https:\/\/shop.dacianodacosta.pt\/#website\",\"url\":\"https:\/\/shop.dacianodacosta.pt\/\",\"name\":\"Daciano da Costa\",\"description\":\"Official Site\",\"publisher\":{\"@id\":\"https:\/\/shop.dacianodacosta.pt\/#organization\"},\"potentialAction\":[{\"@type\":\"SearchAction\",\"target\":{\"@type\":\"EntryPoint\",\"urlTemplate\":\"https:\/\/shop.dacianodacosta.pt\/?s={search_term_string}\"},\"query-input\":{\"@type\":\"PropertyValueSpecification\",\"valueRequired\":true,\"valueName\":\"search_term_string\"}}],\"inLanguage\":\"pt-PT\"},{\"@type\":\"Organization\",\"@id\":\"https:\/\/shop.dacianodacosta.pt\/#organization\",\"name\":\"Atelier Daciano Da Costa\",\"url\":\"https:\/\/shop.dacianodacosta.pt\/\",\"logo\":{\"@type\":\"ImageObject\",\"inLanguage\":\"pt-PT\",\"@id\":\"https:\/\/shop.dacianodacosta.pt\/#\/schema\/logo\/image\/\",\"url\":\"https:\/\/shop.dacianodacosta.pt\/wp-content\/uploads\/2021\/01\/Logo-1.png\",\"contentUrl\":\"https:\/\/shop.dacianodacosta.pt\/wp-content\/uploads\/2021\/01\/Logo-1.png\",\"width\":513,\"height\":513,\"caption\":\"Atelier Daciano Da Costa\"},\"image\":{\"@id\":\"https:\/\/shop.dacianodacosta.pt\/#\/schema\/logo\/image\/\"},\"sameAs\":[\"https:\/\/www.facebook.com\/atelierdacianodacosta\/\",\"https:\/\/www.instagram.com\/atelierdacianodacosta\/\"]}]}<\/script>\n<!-- \/ Yoast SEO plugin. -->","yoast_head_json":{"title":"Pedra Estremoz Altis | Daciano da Costa","description":"First series reissued in Estremoz marble from the Alto Alentejo area in Portugal.","robots":{"index":"index","follow":"follow","max-snippet":"max-snippet:-1","max-image-preview":"max-image-preview:large","max-video-preview":"max-video-preview:-1"},"canonical":"https:\/\/shop.dacianodacosta.pt\/pt\/produto\/pedra-estremoz-altis\/","og_locale":"pt_PT","og_type":"article","og_title":"Pedra Estremoz Altis | Daciano da Costa","og_description":"First series reissued in Estremoz marble from the Alto Alentejo area in Portugal.","og_url":"https:\/\/shop.dacianodacosta.pt\/pt\/produto\/pedra-estremoz-altis\/","og_site_name":"Daciano da Costa","article_publisher":"https:\/\/www.facebook.com\/atelierdacianodacosta\/","article_modified_time":"2025-09-18T13:30:31+00:00","og_image":[{"width":627,"height":590,"url":"https:\/\/shop.dacianodacosta.pt\/wp-content\/uploads\/2021\/03\/PEDRA2.png","type":"image\/png"}],"twitter_card":"summary_large_image","schema":{"@context":"https:\/\/schema.org","@graph":[{"@type":"WebPage","@id":"https:\/\/shop.dacianodacosta.pt\/product\/pedra-estremoz-altis\/","url":"https:\/\/shop.dacianodacosta.pt\/product\/pedra-estremoz-altis\/","name":"Pedra Estremoz Altis | Daciano da Costa","isPartOf":{"@id":"https:\/\/shop.dacianodacosta.pt\/#website"},"primaryImageOfPage":{"@id":"https:\/\/shop.dacianodacosta.pt\/product\/pedra-estremoz-altis\/#primaryimage"},"image":{"@id":"https:\/\/shop.dacianodacosta.pt\/product\/pedra-estremoz-altis\/#primaryimage"},"thumbnailUrl":"https:\/\/shop.dacianodacosta.pt\/wp-content\/uploads\/2021\/03\/PEDRA2.png","datePublished":"2021-03-04T10:49:55+00:00","dateModified":"2025-09-18T13:30:31+00:00","description":"First series reissued in Estremoz marble from the Alto Alentejo area in Portugal.","breadcrumb":{"@id":"https:\/\/shop.dacianodacosta.pt\/product\/pedra-estremoz-altis\/#breadcrumb"},"inLanguage":"pt-PT","potentialAction":[{"@type":"ReadAction","target":["https:\/\/shop.dacianodacosta.pt\/product\/pedra-estremoz-altis\/"]}]},{"@type":"ImageObject","inLanguage":"pt-PT","@id":"https:\/\/shop.dacianodacosta.pt\/product\/pedra-estremoz-altis\/#primaryimage","url":"https:\/\/shop.dacianodacosta.pt\/wp-content\/uploads\/2021\/03\/PEDRA2.png","contentUrl":"https:\/\/shop.dacianodacosta.pt\/wp-content\/uploads\/2021\/03\/PEDRA2.png","width":627,"height":590},{"@type":"BreadcrumbList","@id":"https:\/\/shop.dacianodacosta.pt\/product\/pedra-estremoz-altis\/#breadcrumb","itemListElement":[{"@type":"ListItem","position":1,"name":"Home","item":"https:\/\/shop.dacianodacosta.pt\/"},{"@type":"ListItem","position":2,"name":"Shop","item":"https:\/\/shop.dacianodacosta.pt\/pt\/shop\/"},{"@type":"ListItem","position":3,"name":"Pedra Estremoz Altis"}]},{"@type":"WebSite","@id":"https:\/\/shop.dacianodacosta.pt\/#website","url":"https:\/\/shop.dacianodacosta.pt\/","name":"Daciano da Costa","description":"Official Site","publisher":{"@id":"https:\/\/shop.dacianodacosta.pt\/#organization"},"potentialAction":[{"@type":"SearchAction","target":{"@type":"EntryPoint","urlTemplate":"https:\/\/shop.dacianodacosta.pt\/?s={search_term_string}"},"query-input":{"@type":"PropertyValueSpecification","valueRequired":true,"valueName":"search_term_string"}}],"inLanguage":"pt-PT"},{"@type":"Organization","@id":"https:\/\/shop.dacianodacosta.pt\/#organization","name":"Atelier Daciano Da Costa","url":"https:\/\/shop.dacianodacosta.pt\/","logo":{"@type":"ImageObject","inLanguage":"pt-PT","@id":"https:\/\/shop.dacianodacosta.pt\/#\/schema\/logo\/image\/","url":"https:\/\/shop.dacianodacosta.pt\/wp-content\/uploads\/2021\/01\/Logo-1.png","contentUrl":"https:\/\/shop.dacianodacosta.pt\/wp-content\/uploads\/2021\/01\/Logo-1.png","width":513,"height":513,"caption":"Atelier Daciano Da Costa"},"image":{"@id":"https:\/\/shop.dacianodacosta.pt\/#\/schema\/logo\/image\/"},"sameAs":["https:\/\/www.facebook.com\/atelierdacianodacosta\/","https:\/\/www.instagram.com\/atelierdacianodacosta\/"]}]}},"_links":{"self":[{"href":"https:\/\/shop.dacianodacosta.pt\/pt\/wp-json\/wp\/v2\/product\/1700","targetHints":{"allow":["GET"]}}],"collection":[{"href":"https:\/\/shop.dacianodacosta.pt\/pt\/wp-json\/wp\/v2\/product"}],"about":[{"href":"https:\/\/shop.dacianodacosta.pt\/pt\/wp-json\/wp\/v2\/types\/product"}],"wp:featuredmedia":[{"embeddable":true,"href":"https:\/\/shop.dacianodacosta.pt\/pt\/wp-json\/wp\/v2\/media\/3032"}],"wp:attachment":[{"href":"https:\/\/shop.dacianodacosta.pt\/pt\/wp-json\/wp\/v2\/media?parent=1700"}],"wp:term":[{"taxonomy":"product_cat","embeddable":true,"href":"https:\/\/shop.dacianodacosta.pt\/pt\/wp-json\/wp\/v2\/product_cat?post=1700"},{"taxonomy":"product_tag","embeddable":true,"href":"https:\/\/shop.dacianodacosta.pt\/pt\/wp-json\/wp\/v2\/product_tag?post=1700"}],"curies":[{"name":"wp","href":"https:\/\/api.w.org\/{rel}","templated":true}]}}