{"id":2292,"date":"2021-04-20T12:42:56","date_gmt":"2021-04-20T12:42:56","guid":{"rendered":"https:\/\/shop.dacianodacosta.pt\/?post_type=product&#038;p=2292"},"modified":"2025-01-02T13:18:09","modified_gmt":"2025-01-02T13:18:09","slug":"daciano-da-costa-colecao-designers-portugueses","status":"publish","type":"product","link":"https:\/\/shop.dacianodacosta.pt\/pt\/produto\/daciano-da-costa-colecao-designers-portugueses\/","title":{"rendered":"Daciano da Costa | Colec\u00e7\u00e3o Designers Portugueses"},"content":{"rendered":"<p>Daciano da Costa faz parte da primeira gera\u00e7\u00e3o de designers portugueses, com milit\u00e2ncia no seu pr\u00f3prio atelier desde 1959. o legado continua na forma de encarar o Projecto e no trabalho realizado.<\/p>\n<p>Pintor, figurinista e cen\u00f3grafo, desenhista de ind\u00fastria, arquiteto de interiores, engenheiro social, engenheiro de outras vidas profissionais, professor, havia muitos d\u00e1cios, embora mais que alguns, todos ligados pelo fio do Desenho, e havia o homem , que superou a circunst\u00e2ncia e superou a si mesmo, abra\u00e7ando \u201cas tarefas que surgiram (e que decidiu considerar os problemas de Design)\u201d.<\/p>","protected":false},"excerpt":{"rendered":"<p>Jos\u00e9 Bartolo, Leonor Ferr\u00e3o<\/p>\n<p><strong>Edi\u00e7\u00e3o Portuguesa<\/strong><\/p>\n<p>Protagonista do Design Portugu\u00eas do s\u00e9culo XX, tanto como designer multifacetado como te\u00f3rico.<\/p>\n<p>Daciano da Costa faz parte da primeira gera\u00e7\u00e3o de designers portugueses, a trabalhar em est\u00fadio pr\u00f3prio desde 1959.<\/p>\n<p>O legado fica na forma de encarar o projeto e no trabalho realizado.<\/p>","protected":false},"featured_media":2296,"template":"","meta":[],"product_cat":[157],"product_tag":[],"class_list":{"0":"post-2292","1":"product","2":"type-product","3":"status-publish","4":"has-post-thumbnail","6":"product_cat-publications","7":"product_shipping_class-publications","9":"first","10":"instock","11":"shipping-taxable","12":"purchasable","13":"product-type-simple"},"yoast_head":"<!-- This site is optimized with the Yoast SEO plugin v24.0 - https:\/\/yoast.com\/wordpress\/plugins\/seo\/ -->\n<title>Daciano da Costa | Portuguese Designers Collection | Daciano da Costa<\/title>\n<meta name=\"robots\" content=\"index, follow, max-snippet:-1, max-image-preview:large, max-video-preview:-1\" \/>\n<link rel=\"canonical\" href=\"https:\/\/shop.dacianodacosta.pt\/pt\/produto\/daciano-da-costa-colecao-designers-portugueses\/\" \/>\n<meta property=\"og:locale\" content=\"pt_PT\" \/>\n<meta property=\"og:type\" content=\"article\" \/>\n<meta property=\"og:title\" content=\"Daciano da Costa | Portuguese Designers Collection | Daciano da Costa\" \/>\n<meta property=\"og:description\" content=\"Jos\u00e9 Bartolo, Leonor Ferr\u00e3o  Portuguese Edition  Protagonist of Portuguese Design of the 20th century, both as a multifaceted designer and as a theorist.  Daciano da Costa is part of the first generation of Portuguese designers, working in his own studio since 1959.  The legacy remains in the way of facing the project and in the work carried out.\" \/>\n<meta property=\"og:url\" content=\"https:\/\/shop.dacianodacosta.pt\/pt\/produto\/daciano-da-costa-colecao-designers-portugueses\/\" \/>\n<meta property=\"og:site_name\" content=\"Daciano da Costa\" \/>\n<meta property=\"article:publisher\" content=\"https:\/\/www.facebook.com\/atelierdacianodacosta\/\" \/>\n<meta property=\"article:modified_time\" content=\"2025-01-02T13:18:09+00:00\" \/>\n<meta property=\"og:image\" content=\"https:\/\/shop.dacianodacosta.pt\/wp-content\/uploads\/2021\/04\/DdC.jpg\" \/>\n\t<meta property=\"og:image:width\" content=\"627\" \/>\n\t<meta property=\"og:image:height\" content=\"590\" \/>\n\t<meta property=\"og:image:type\" content=\"image\/jpeg\" \/>\n<meta name=\"twitter:card\" content=\"summary_large_image\" \/>\n<meta name=\"twitter:label1\" content=\"Tempo estimado de leitura\" \/>\n\t<meta name=\"twitter:data1\" content=\"1 minuto\" \/>\n<script type=\"application\/ld+json\" class=\"yoast-schema-graph\">{\"@context\":\"https:\/\/schema.org\",\"@graph\":[{\"@type\":\"WebPage\",\"@id\":\"https:\/\/shop.dacianodacosta.pt\/product\/daciano-da-costa-colecao-designers-portugueses\/\",\"url\":\"https:\/\/shop.dacianodacosta.pt\/product\/daciano-da-costa-colecao-designers-portugueses\/\",\"name\":\"Daciano da Costa | Portuguese Designers Collection | Daciano da Costa\",\"isPartOf\":{\"@id\":\"https:\/\/shop.dacianodacosta.pt\/#website\"},\"primaryImageOfPage\":{\"@id\":\"https:\/\/shop.dacianodacosta.pt\/product\/daciano-da-costa-colecao-designers-portugueses\/#primaryimage\"},\"image\":{\"@id\":\"https:\/\/shop.dacianodacosta.pt\/product\/daciano-da-costa-colecao-designers-portugueses\/#primaryimage\"},\"thumbnailUrl\":\"https:\/\/shop.dacianodacosta.pt\/wp-content\/uploads\/2021\/04\/DdC.jpg\",\"datePublished\":\"2021-04-20T12:42:56+00:00\",\"dateModified\":\"2025-01-02T13:18:09+00:00\",\"breadcrumb\":{\"@id\":\"https:\/\/shop.dacianodacosta.pt\/product\/daciano-da-costa-colecao-designers-portugueses\/#breadcrumb\"},\"inLanguage\":\"pt-PT\",\"potentialAction\":[{\"@type\":\"ReadAction\",\"target\":[\"https:\/\/shop.dacianodacosta.pt\/product\/daciano-da-costa-colecao-designers-portugueses\/\"]}]},{\"@type\":\"ImageObject\",\"inLanguage\":\"pt-PT\",\"@id\":\"https:\/\/shop.dacianodacosta.pt\/product\/daciano-da-costa-colecao-designers-portugueses\/#primaryimage\",\"url\":\"https:\/\/shop.dacianodacosta.pt\/wp-content\/uploads\/2021\/04\/DdC.jpg\",\"contentUrl\":\"https:\/\/shop.dacianodacosta.pt\/wp-content\/uploads\/2021\/04\/DdC.jpg\",\"width\":627,\"height\":590},{\"@type\":\"BreadcrumbList\",\"@id\":\"https:\/\/shop.dacianodacosta.pt\/product\/daciano-da-costa-colecao-designers-portugueses\/#breadcrumb\",\"itemListElement\":[{\"@type\":\"ListItem\",\"position\":1,\"name\":\"Home\",\"item\":\"https:\/\/shop.dacianodacosta.pt\/\"},{\"@type\":\"ListItem\",\"position\":2,\"name\":\"Shop\",\"item\":\"https:\/\/shop.dacianodacosta.pt\/pt\/shop\/\"},{\"@type\":\"ListItem\",\"position\":3,\"name\":\"Daciano da Costa | Portuguese Designers Collection\"}]},{\"@type\":\"WebSite\",\"@id\":\"https:\/\/shop.dacianodacosta.pt\/#website\",\"url\":\"https:\/\/shop.dacianodacosta.pt\/\",\"name\":\"Daciano da Costa\",\"description\":\"Official Site\",\"publisher\":{\"@id\":\"https:\/\/shop.dacianodacosta.pt\/#organization\"},\"potentialAction\":[{\"@type\":\"SearchAction\",\"target\":{\"@type\":\"EntryPoint\",\"urlTemplate\":\"https:\/\/shop.dacianodacosta.pt\/?s={search_term_string}\"},\"query-input\":{\"@type\":\"PropertyValueSpecification\",\"valueRequired\":true,\"valueName\":\"search_term_string\"}}],\"inLanguage\":\"pt-PT\"},{\"@type\":\"Organization\",\"@id\":\"https:\/\/shop.dacianodacosta.pt\/#organization\",\"name\":\"Atelier Daciano Da Costa\",\"url\":\"https:\/\/shop.dacianodacosta.pt\/\",\"logo\":{\"@type\":\"ImageObject\",\"inLanguage\":\"pt-PT\",\"@id\":\"https:\/\/shop.dacianodacosta.pt\/#\/schema\/logo\/image\/\",\"url\":\"https:\/\/shop.dacianodacosta.pt\/wp-content\/uploads\/2021\/01\/Logo-1.png\",\"contentUrl\":\"https:\/\/shop.dacianodacosta.pt\/wp-content\/uploads\/2021\/01\/Logo-1.png\",\"width\":513,\"height\":513,\"caption\":\"Atelier Daciano Da Costa\"},\"image\":{\"@id\":\"https:\/\/shop.dacianodacosta.pt\/#\/schema\/logo\/image\/\"},\"sameAs\":[\"https:\/\/www.facebook.com\/atelierdacianodacosta\/\",\"https:\/\/www.instagram.com\/atelierdacianodacosta\/\"]}]}<\/script>\n<!-- \/ Yoast SEO plugin. -->","yoast_head_json":{"title":"Daciano da Costa | Portuguese Designers Collection | Daciano da Costa","robots":{"index":"index","follow":"follow","max-snippet":"max-snippet:-1","max-image-preview":"max-image-preview:large","max-video-preview":"max-video-preview:-1"},"canonical":"https:\/\/shop.dacianodacosta.pt\/pt\/produto\/daciano-da-costa-colecao-designers-portugueses\/","og_locale":"pt_PT","og_type":"article","og_title":"Daciano da Costa | Portuguese Designers Collection | Daciano da Costa","og_description":"Jos\u00e9 Bartolo, Leonor Ferr\u00e3o  Portuguese Edition  Protagonist of Portuguese Design of the 20th century, both as a multifaceted designer and as a theorist.  Daciano da Costa is part of the first generation of Portuguese designers, working in his own studio since 1959.  The legacy remains in the way of facing the project and in the work carried out.","og_url":"https:\/\/shop.dacianodacosta.pt\/pt\/produto\/daciano-da-costa-colecao-designers-portugueses\/","og_site_name":"Daciano da Costa","article_publisher":"https:\/\/www.facebook.com\/atelierdacianodacosta\/","article_modified_time":"2025-01-02T13:18:09+00:00","og_image":[{"width":627,"height":590,"url":"https:\/\/shop.dacianodacosta.pt\/wp-content\/uploads\/2021\/04\/DdC.jpg","type":"image\/jpeg"}],"twitter_card":"summary_large_image","twitter_misc":{"Tempo estimado de leitura":"1 minuto"},"schema":{"@context":"https:\/\/schema.org","@graph":[{"@type":"WebPage","@id":"https:\/\/shop.dacianodacosta.pt\/product\/daciano-da-costa-colecao-designers-portugueses\/","url":"https:\/\/shop.dacianodacosta.pt\/product\/daciano-da-costa-colecao-designers-portugueses\/","name":"Daciano da Costa | Portuguese Designers Collection | Daciano da Costa","isPartOf":{"@id":"https:\/\/shop.dacianodacosta.pt\/#website"},"primaryImageOfPage":{"@id":"https:\/\/shop.dacianodacosta.pt\/product\/daciano-da-costa-colecao-designers-portugueses\/#primaryimage"},"image":{"@id":"https:\/\/shop.dacianodacosta.pt\/product\/daciano-da-costa-colecao-designers-portugueses\/#primaryimage"},"thumbnailUrl":"https:\/\/shop.dacianodacosta.pt\/wp-content\/uploads\/2021\/04\/DdC.jpg","datePublished":"2021-04-20T12:42:56+00:00","dateModified":"2025-01-02T13:18:09+00:00","breadcrumb":{"@id":"https:\/\/shop.dacianodacosta.pt\/product\/daciano-da-costa-colecao-designers-portugueses\/#breadcrumb"},"inLanguage":"pt-PT","potentialAction":[{"@type":"ReadAction","target":["https:\/\/shop.dacianodacosta.pt\/product\/daciano-da-costa-colecao-designers-portugueses\/"]}]},{"@type":"ImageObject","inLanguage":"pt-PT","@id":"https:\/\/shop.dacianodacosta.pt\/product\/daciano-da-costa-colecao-designers-portugueses\/#primaryimage","url":"https:\/\/shop.dacianodacosta.pt\/wp-content\/uploads\/2021\/04\/DdC.jpg","contentUrl":"https:\/\/shop.dacianodacosta.pt\/wp-content\/uploads\/2021\/04\/DdC.jpg","width":627,"height":590},{"@type":"BreadcrumbList","@id":"https:\/\/shop.dacianodacosta.pt\/product\/daciano-da-costa-colecao-designers-portugueses\/#breadcrumb","itemListElement":[{"@type":"ListItem","position":1,"name":"Home","item":"https:\/\/shop.dacianodacosta.pt\/"},{"@type":"ListItem","position":2,"name":"Shop","item":"https:\/\/shop.dacianodacosta.pt\/pt\/shop\/"},{"@type":"ListItem","position":3,"name":"Daciano da Costa | Portuguese Designers Collection"}]},{"@type":"WebSite","@id":"https:\/\/shop.dacianodacosta.pt\/#website","url":"https:\/\/shop.dacianodacosta.pt\/","name":"Daciano da Costa","description":"Official Site","publisher":{"@id":"https:\/\/shop.dacianodacosta.pt\/#organization"},"potentialAction":[{"@type":"SearchAction","target":{"@type":"EntryPoint","urlTemplate":"https:\/\/shop.dacianodacosta.pt\/?s={search_term_string}"},"query-input":{"@type":"PropertyValueSpecification","valueRequired":true,"valueName":"search_term_string"}}],"inLanguage":"pt-PT"},{"@type":"Organization","@id":"https:\/\/shop.dacianodacosta.pt\/#organization","name":"Atelier Daciano Da Costa","url":"https:\/\/shop.dacianodacosta.pt\/","logo":{"@type":"ImageObject","inLanguage":"pt-PT","@id":"https:\/\/shop.dacianodacosta.pt\/#\/schema\/logo\/image\/","url":"https:\/\/shop.dacianodacosta.pt\/wp-content\/uploads\/2021\/01\/Logo-1.png","contentUrl":"https:\/\/shop.dacianodacosta.pt\/wp-content\/uploads\/2021\/01\/Logo-1.png","width":513,"height":513,"caption":"Atelier Daciano Da Costa"},"image":{"@id":"https:\/\/shop.dacianodacosta.pt\/#\/schema\/logo\/image\/"},"sameAs":["https:\/\/www.facebook.com\/atelierdacianodacosta\/","https:\/\/www.instagram.com\/atelierdacianodacosta\/"]}]}},"_links":{"self":[{"href":"https:\/\/shop.dacianodacosta.pt\/pt\/wp-json\/wp\/v2\/product\/2292","targetHints":{"allow":["GET"]}}],"collection":[{"href":"https:\/\/shop.dacianodacosta.pt\/pt\/wp-json\/wp\/v2\/product"}],"about":[{"href":"https:\/\/shop.dacianodacosta.pt\/pt\/wp-json\/wp\/v2\/types\/product"}],"wp:featuredmedia":[{"embeddable":true,"href":"https:\/\/shop.dacianodacosta.pt\/pt\/wp-json\/wp\/v2\/media\/2296"}],"wp:attachment":[{"href":"https:\/\/shop.dacianodacosta.pt\/pt\/wp-json\/wp\/v2\/media?parent=2292"}],"wp:term":[{"taxonomy":"product_cat","embeddable":true,"href":"https:\/\/shop.dacianodacosta.pt\/pt\/wp-json\/wp\/v2\/product_cat?post=2292"},{"taxonomy":"product_tag","embeddable":true,"href":"https:\/\/shop.dacianodacosta.pt\/pt\/wp-json\/wp\/v2\/product_tag?post=2292"}],"curies":[{"name":"wp","href":"https:\/\/api.w.org\/{rel}","templated":true}]}}