{"id":2301,"date":"2021-04-20T14:03:58","date_gmt":"2021-04-20T14:03:58","guid":{"rendered":"https:\/\/shop.dacianodacosta.pt\/?post_type=product&#038;p=2301"},"modified":"2024-12-09T12:37:49","modified_gmt":"2024-12-09T12:37:49","slug":"daciano-da-costa-o-professor","status":"publish","type":"product","link":"https:\/\/shop.dacianodacosta.pt\/pt\/produto\/daciano-da-costa-o-professor\/","title":{"rendered":"Daciano da Costa: Professor"},"content":{"rendered":"<p>Daciano da Costa foi professor da Faculdade de Arquitectura da Universidade T\u00e9cnica de Lisboa durante vinte e cinco anos.<\/p>\n<p>O livro apresenta um conjunto de reflex\u00f5es e depoimentos, bem como um conjunto de textos e documentos esparsos, muitos deles in\u00e9ditos, que Daciano vem produzindo ao longo da vida e que nunca ter\u00e3o sido impressos.<\/p>\n<p>A experi\u00eancia pedag\u00f3gica de Daciano foi decisiva para a defini\u00e7\u00e3o do quadro conceptual e metodol\u00f3gico e para a implementa\u00e7\u00e3o de um programa de ensino na \u00e1rea do Design.<\/p>\n<p>Mas a rela\u00e7\u00e3o que Daciano da Costa estabeleceu com o ensino nunca se limitou aos limites da Academia. O seu envolvimento com os processos de ensino e aprendizagem - enfim, a forma\u00e7\u00e3o - partiu das pr\u00e1ticas desenvolvidas no seu pr\u00f3prio atelier, no projeto e fora dela, estendendo-se \u00e0s v\u00e1rias esferas da sua atividade profissional.<\/p>","protected":false},"excerpt":{"rendered":"<p>Daciano da Costa foi professor da Faculdade de Arquitectura da Universidade T\u00e9cnica de Lisboa durante vinte e cinco anos.<\/p>\n<p>O livro apresenta um conjunto de reflex\u00f5es e depoimentos, bem como um conjunto de textos e documentos esparsos, muitos deles in\u00e9ditos, que Daciano vem produzindo ao longo da vida e que nunca ter\u00e3o sido impressos.<\/p>\n<p><strong>Edi\u00e7\u00e3o Portuguesa<\/strong><\/p>\n<p>&nbsp;<\/p>\n<p>&nbsp;<\/p>","protected":false},"featured_media":2302,"template":"","meta":[],"product_cat":[157],"product_tag":[],"class_list":{"0":"post-2301","1":"product","2":"type-product","3":"status-publish","4":"has-post-thumbnail","6":"product_cat-publications","7":"product_shipping_class-publications","9":"first","10":"instock","11":"shipping-taxable","12":"product-type-external"},"yoast_head":"<!-- This site is optimized with the Yoast SEO plugin v24.0 - https:\/\/yoast.com\/wordpress\/plugins\/seo\/ -->\n<title>Daciano da Costa: Teacher | Daciano da Costa<\/title>\n<meta name=\"robots\" content=\"index, follow, max-snippet:-1, max-image-preview:large, max-video-preview:-1\" \/>\n<link rel=\"canonical\" href=\"https:\/\/shop.dacianodacosta.pt\/pt\/produto\/daciano-da-costa-o-professor\/\" \/>\n<meta property=\"og:locale\" content=\"pt_PT\" \/>\n<meta property=\"og:type\" content=\"article\" \/>\n<meta property=\"og:title\" content=\"Daciano da Costa: Teacher | Daciano da Costa\" \/>\n<meta property=\"og:description\" content=\"Daciano da Costa was a professor at the Faculty of Architecture of the Technical University of Lisbon for twenty-five years.  The book presents a set of reflections and testimonies as well as a set of scattered texts and documents, many of them unpublished, which Daciano has been producing throughout his life and which will never have been printed.  Portuguese Edition  &nbsp;  &nbsp;\" \/>\n<meta property=\"og:url\" content=\"https:\/\/shop.dacianodacosta.pt\/pt\/produto\/daciano-da-costa-o-professor\/\" \/>\n<meta property=\"og:site_name\" content=\"Daciano da Costa\" \/>\n<meta property=\"article:publisher\" content=\"https:\/\/www.facebook.com\/atelierdacianodacosta\/\" \/>\n<meta property=\"article:modified_time\" content=\"2024-12-09T12:37:49+00:00\" \/>\n<meta property=\"og:image\" content=\"https:\/\/shop.dacianodacosta.pt\/wp-content\/uploads\/2021\/04\/DacianodaCosta_Professor.jpg\" \/>\n\t<meta property=\"og:image:width\" content=\"627\" \/>\n\t<meta property=\"og:image:height\" content=\"590\" \/>\n\t<meta property=\"og:image:type\" content=\"image\/jpeg\" \/>\n<meta name=\"twitter:card\" content=\"summary_large_image\" \/>\n<meta name=\"twitter:label1\" content=\"Tempo estimado de leitura\" \/>\n\t<meta name=\"twitter:data1\" content=\"1 minuto\" \/>\n<script type=\"application\/ld+json\" class=\"yoast-schema-graph\">{\"@context\":\"https:\/\/schema.org\",\"@graph\":[{\"@type\":\"WebPage\",\"@id\":\"https:\/\/shop.dacianodacosta.pt\/product\/daciano-da-costa-o-professor\/\",\"url\":\"https:\/\/shop.dacianodacosta.pt\/product\/daciano-da-costa-o-professor\/\",\"name\":\"Daciano da Costa: Teacher | Daciano da Costa\",\"isPartOf\":{\"@id\":\"https:\/\/shop.dacianodacosta.pt\/#website\"},\"primaryImageOfPage\":{\"@id\":\"https:\/\/shop.dacianodacosta.pt\/product\/daciano-da-costa-o-professor\/#primaryimage\"},\"image\":{\"@id\":\"https:\/\/shop.dacianodacosta.pt\/product\/daciano-da-costa-o-professor\/#primaryimage\"},\"thumbnailUrl\":\"https:\/\/shop.dacianodacosta.pt\/wp-content\/uploads\/2021\/04\/DacianodaCosta_Professor.jpg\",\"datePublished\":\"2021-04-20T14:03:58+00:00\",\"dateModified\":\"2024-12-09T12:37:49+00:00\",\"breadcrumb\":{\"@id\":\"https:\/\/shop.dacianodacosta.pt\/product\/daciano-da-costa-o-professor\/#breadcrumb\"},\"inLanguage\":\"pt-PT\",\"potentialAction\":[{\"@type\":\"ReadAction\",\"target\":[\"https:\/\/shop.dacianodacosta.pt\/product\/daciano-da-costa-o-professor\/\"]}]},{\"@type\":\"ImageObject\",\"inLanguage\":\"pt-PT\",\"@id\":\"https:\/\/shop.dacianodacosta.pt\/product\/daciano-da-costa-o-professor\/#primaryimage\",\"url\":\"https:\/\/shop.dacianodacosta.pt\/wp-content\/uploads\/2021\/04\/DacianodaCosta_Professor.jpg\",\"contentUrl\":\"https:\/\/shop.dacianodacosta.pt\/wp-content\/uploads\/2021\/04\/DacianodaCosta_Professor.jpg\",\"width\":627,\"height\":590},{\"@type\":\"BreadcrumbList\",\"@id\":\"https:\/\/shop.dacianodacosta.pt\/product\/daciano-da-costa-o-professor\/#breadcrumb\",\"itemListElement\":[{\"@type\":\"ListItem\",\"position\":1,\"name\":\"Home\",\"item\":\"https:\/\/shop.dacianodacosta.pt\/\"},{\"@type\":\"ListItem\",\"position\":2,\"name\":\"Shop\",\"item\":\"https:\/\/shop.dacianodacosta.pt\/pt\/shop\/\"},{\"@type\":\"ListItem\",\"position\":3,\"name\":\"Daciano da Costa: Teacher\"}]},{\"@type\":\"WebSite\",\"@id\":\"https:\/\/shop.dacianodacosta.pt\/#website\",\"url\":\"https:\/\/shop.dacianodacosta.pt\/\",\"name\":\"Daciano da Costa\",\"description\":\"Official Site\",\"publisher\":{\"@id\":\"https:\/\/shop.dacianodacosta.pt\/#organization\"},\"potentialAction\":[{\"@type\":\"SearchAction\",\"target\":{\"@type\":\"EntryPoint\",\"urlTemplate\":\"https:\/\/shop.dacianodacosta.pt\/?s={search_term_string}\"},\"query-input\":{\"@type\":\"PropertyValueSpecification\",\"valueRequired\":true,\"valueName\":\"search_term_string\"}}],\"inLanguage\":\"pt-PT\"},{\"@type\":\"Organization\",\"@id\":\"https:\/\/shop.dacianodacosta.pt\/#organization\",\"name\":\"Atelier Daciano Da Costa\",\"url\":\"https:\/\/shop.dacianodacosta.pt\/\",\"logo\":{\"@type\":\"ImageObject\",\"inLanguage\":\"pt-PT\",\"@id\":\"https:\/\/shop.dacianodacosta.pt\/#\/schema\/logo\/image\/\",\"url\":\"https:\/\/shop.dacianodacosta.pt\/wp-content\/uploads\/2021\/01\/Logo-1.png\",\"contentUrl\":\"https:\/\/shop.dacianodacosta.pt\/wp-content\/uploads\/2021\/01\/Logo-1.png\",\"width\":513,\"height\":513,\"caption\":\"Atelier Daciano Da Costa\"},\"image\":{\"@id\":\"https:\/\/shop.dacianodacosta.pt\/#\/schema\/logo\/image\/\"},\"sameAs\":[\"https:\/\/www.facebook.com\/atelierdacianodacosta\/\",\"https:\/\/www.instagram.com\/atelierdacianodacosta\/\"]}]}<\/script>\n<!-- \/ Yoast SEO plugin. -->","yoast_head_json":{"title":"Daciano da Costa: Teacher | Daciano da Costa","robots":{"index":"index","follow":"follow","max-snippet":"max-snippet:-1","max-image-preview":"max-image-preview:large","max-video-preview":"max-video-preview:-1"},"canonical":"https:\/\/shop.dacianodacosta.pt\/pt\/produto\/daciano-da-costa-o-professor\/","og_locale":"pt_PT","og_type":"article","og_title":"Daciano da Costa: Teacher | Daciano da Costa","og_description":"Daciano da Costa was a professor at the Faculty of Architecture of the Technical University of Lisbon for twenty-five years.  The book presents a set of reflections and testimonies as well as a set of scattered texts and documents, many of them unpublished, which Daciano has been producing throughout his life and which will never have been printed.  Portuguese Edition  &nbsp;  &nbsp;","og_url":"https:\/\/shop.dacianodacosta.pt\/pt\/produto\/daciano-da-costa-o-professor\/","og_site_name":"Daciano da Costa","article_publisher":"https:\/\/www.facebook.com\/atelierdacianodacosta\/","article_modified_time":"2024-12-09T12:37:49+00:00","og_image":[{"width":627,"height":590,"url":"https:\/\/shop.dacianodacosta.pt\/wp-content\/uploads\/2021\/04\/DacianodaCosta_Professor.jpg","type":"image\/jpeg"}],"twitter_card":"summary_large_image","twitter_misc":{"Tempo estimado de leitura":"1 minuto"},"schema":{"@context":"https:\/\/schema.org","@graph":[{"@type":"WebPage","@id":"https:\/\/shop.dacianodacosta.pt\/product\/daciano-da-costa-o-professor\/","url":"https:\/\/shop.dacianodacosta.pt\/product\/daciano-da-costa-o-professor\/","name":"Daciano da Costa: Teacher | Daciano da Costa","isPartOf":{"@id":"https:\/\/shop.dacianodacosta.pt\/#website"},"primaryImageOfPage":{"@id":"https:\/\/shop.dacianodacosta.pt\/product\/daciano-da-costa-o-professor\/#primaryimage"},"image":{"@id":"https:\/\/shop.dacianodacosta.pt\/product\/daciano-da-costa-o-professor\/#primaryimage"},"thumbnailUrl":"https:\/\/shop.dacianodacosta.pt\/wp-content\/uploads\/2021\/04\/DacianodaCosta_Professor.jpg","datePublished":"2021-04-20T14:03:58+00:00","dateModified":"2024-12-09T12:37:49+00:00","breadcrumb":{"@id":"https:\/\/shop.dacianodacosta.pt\/product\/daciano-da-costa-o-professor\/#breadcrumb"},"inLanguage":"pt-PT","potentialAction":[{"@type":"ReadAction","target":["https:\/\/shop.dacianodacosta.pt\/product\/daciano-da-costa-o-professor\/"]}]},{"@type":"ImageObject","inLanguage":"pt-PT","@id":"https:\/\/shop.dacianodacosta.pt\/product\/daciano-da-costa-o-professor\/#primaryimage","url":"https:\/\/shop.dacianodacosta.pt\/wp-content\/uploads\/2021\/04\/DacianodaCosta_Professor.jpg","contentUrl":"https:\/\/shop.dacianodacosta.pt\/wp-content\/uploads\/2021\/04\/DacianodaCosta_Professor.jpg","width":627,"height":590},{"@type":"BreadcrumbList","@id":"https:\/\/shop.dacianodacosta.pt\/product\/daciano-da-costa-o-professor\/#breadcrumb","itemListElement":[{"@type":"ListItem","position":1,"name":"Home","item":"https:\/\/shop.dacianodacosta.pt\/"},{"@type":"ListItem","position":2,"name":"Shop","item":"https:\/\/shop.dacianodacosta.pt\/pt\/shop\/"},{"@type":"ListItem","position":3,"name":"Daciano da Costa: Teacher"}]},{"@type":"WebSite","@id":"https:\/\/shop.dacianodacosta.pt\/#website","url":"https:\/\/shop.dacianodacosta.pt\/","name":"Daciano da Costa","description":"Official Site","publisher":{"@id":"https:\/\/shop.dacianodacosta.pt\/#organization"},"potentialAction":[{"@type":"SearchAction","target":{"@type":"EntryPoint","urlTemplate":"https:\/\/shop.dacianodacosta.pt\/?s={search_term_string}"},"query-input":{"@type":"PropertyValueSpecification","valueRequired":true,"valueName":"search_term_string"}}],"inLanguage":"pt-PT"},{"@type":"Organization","@id":"https:\/\/shop.dacianodacosta.pt\/#organization","name":"Atelier Daciano Da Costa","url":"https:\/\/shop.dacianodacosta.pt\/","logo":{"@type":"ImageObject","inLanguage":"pt-PT","@id":"https:\/\/shop.dacianodacosta.pt\/#\/schema\/logo\/image\/","url":"https:\/\/shop.dacianodacosta.pt\/wp-content\/uploads\/2021\/01\/Logo-1.png","contentUrl":"https:\/\/shop.dacianodacosta.pt\/wp-content\/uploads\/2021\/01\/Logo-1.png","width":513,"height":513,"caption":"Atelier Daciano Da Costa"},"image":{"@id":"https:\/\/shop.dacianodacosta.pt\/#\/schema\/logo\/image\/"},"sameAs":["https:\/\/www.facebook.com\/atelierdacianodacosta\/","https:\/\/www.instagram.com\/atelierdacianodacosta\/"]}]}},"_links":{"self":[{"href":"https:\/\/shop.dacianodacosta.pt\/pt\/wp-json\/wp\/v2\/product\/2301","targetHints":{"allow":["GET"]}}],"collection":[{"href":"https:\/\/shop.dacianodacosta.pt\/pt\/wp-json\/wp\/v2\/product"}],"about":[{"href":"https:\/\/shop.dacianodacosta.pt\/pt\/wp-json\/wp\/v2\/types\/product"}],"wp:featuredmedia":[{"embeddable":true,"href":"https:\/\/shop.dacianodacosta.pt\/pt\/wp-json\/wp\/v2\/media\/2302"}],"wp:attachment":[{"href":"https:\/\/shop.dacianodacosta.pt\/pt\/wp-json\/wp\/v2\/media?parent=2301"}],"wp:term":[{"taxonomy":"product_cat","embeddable":true,"href":"https:\/\/shop.dacianodacosta.pt\/pt\/wp-json\/wp\/v2\/product_cat?post=2301"},{"taxonomy":"product_tag","embeddable":true,"href":"https:\/\/shop.dacianodacosta.pt\/pt\/wp-json\/wp\/v2\/product_tag?post=2301"}],"curies":[{"name":"wp","href":"https:\/\/api.w.org\/{rel}","templated":true}]}}