{"id":3014,"date":"2021-12-09T15:30:58","date_gmt":"2021-12-09T15:30:58","guid":{"rendered":"https:\/\/shop.dacianodacosta.pt\/?post_type=product&#038;p=3014"},"modified":"2026-02-09T12:30:55","modified_gmt":"2026-02-09T12:30:55","slug":"tripeca","status":"publish","type":"product","link":"https:\/\/shop.dacianodacosta.pt\/pt\/produto\/tripeca\/","title":{"rendered":"Tripe\u00e7a Chair"},"content":{"rendered":"<p>Arquitectura de interiores, mobili\u00e1rio e grafismos para o Casino Parque Hotel - 1972<\/p>\n<p>No mobili\u00e1rio e no equipamento integrado dos quartos das zonas p\u00fablicas, s\u00e3o recorrentes as composi\u00e7\u00f5es laminares e os sistemas de diedros, com um predom\u00ednio quase absoluto da assimetria. Princ\u00edpios id\u00eanticos dominam o sistema de comunica\u00e7\u00e3o gr\u00e1fica onde a tipografia e a cor funcionais se combinam com pleno sentido pl\u00e1stico.<\/p>\n<p>Os paradigmas da arquitectura brasileira do movimento moderno e a mem\u00f3ria das vanguardas do in\u00edcio do s\u00e9culo - neoplasticistas e suprematistas, a Bauhaus e Le Corbusier - t\u00eam uma presen\u00e7a no conjunto da obra.<\/p>","protected":false},"excerpt":{"rendered":"<div class=\"page\" title=\"Page 1\">\n<div class=\"section\">\n<div class=\"layoutArea\">\n<div class=\"column\">\n<div class=\"page\" title=\"Page 1\">\n<div class=\"section\">\n<div class=\"layoutArea\">\n<div class=\"column\">\n<p>Autor | Daciano da Costa<\/p>\n<p>Obra | Casino Park Hotel<\/p>\n<p>Ano | 1972<\/p>\n<\/div>\n<\/div>\n<\/div>\n<\/div>\n<p>Dimens\u00f5es | L.460 x A.720 x P.380 mm<\/p>\n<p>Materiais | Estrutura em madeira, assento em Burel ou Linho<\/p>\n<\/div>\n<\/div>\n<\/div>\n<\/div>","protected":false},"featured_media":2871,"template":"","meta":[],"product_cat":[118],"product_tag":[182],"class_list":{"0":"post-3014","1":"product","2":"type-product","3":"status-publish","4":"has-post-thumbnail","6":"product_cat-furniture","7":"product_tag-casino","8":"product_shipping_class-penta","9":"pa_color-azinheira-linho-linen","10":"pa_color-cascata-burel","11":"pa_color-feijoca-linho-linen","12":"pa_color-ginka-linho-linen","13":"pa_color-granito-burel","14":"pa_color-jeropiga-linho-linen","15":"pa_color-ourico-linho-linen","16":"pa_color-pinhao-burel","17":"pa_color-teixo-burel","18":"pa_color-texugo-burel","19":"pa_color-tritao-burel","20":"pa_color-zezere-linho-linen","22":"first","23":"onbackorder","24":"shipping-taxable","25":"product-type-variable"},"yoast_head":"<!-- This site is optimized with the Yoast SEO plugin v24.0 - https:\/\/yoast.com\/wordpress\/plugins\/seo\/ -->\n<title>Tripe\u00e7a Chair | Daciano da Costa<\/title>\n<meta name=\"robots\" content=\"index, follow, max-snippet:-1, max-image-preview:large, max-video-preview:-1\" \/>\n<link rel=\"canonical\" href=\"https:\/\/shop.dacianodacosta.pt\/pt\/produto\/tripeca\/\" \/>\n<meta property=\"og:locale\" content=\"pt_PT\" \/>\n<meta property=\"og:type\" content=\"article\" \/>\n<meta property=\"og:title\" content=\"Tripe\u00e7a Chair | Daciano da Costa\" \/>\n<meta property=\"og:description\" content=\"Author | Daciano da Costa  Work |\u00a0CASINO PARK HOTEL  Year | 1972      Dimensions | W.460 x H.720 x D.380 mm  Materials | Wood structure, Burel or Linen Seat\" \/>\n<meta property=\"og:url\" content=\"https:\/\/shop.dacianodacosta.pt\/pt\/produto\/tripeca\/\" \/>\n<meta property=\"og:site_name\" content=\"Daciano da Costa\" \/>\n<meta property=\"article:publisher\" content=\"https:\/\/www.facebook.com\/atelierdacianodacosta\/\" \/>\n<meta property=\"article:modified_time\" content=\"2026-02-09T12:30:55+00:00\" \/>\n<meta property=\"og:image\" content=\"https:\/\/shop.dacianodacosta.pt\/wp-content\/uploads\/2021\/03\/Tripeca_Madeira.png\" \/>\n\t<meta property=\"og:image:width\" content=\"627\" \/>\n\t<meta property=\"og:image:height\" content=\"590\" \/>\n\t<meta property=\"og:image:type\" content=\"image\/png\" \/>\n<meta name=\"twitter:card\" content=\"summary_large_image\" \/>\n<meta name=\"twitter:label1\" content=\"Tempo estimado de leitura\" \/>\n\t<meta name=\"twitter:data1\" content=\"1 minuto\" \/>\n<script type=\"application\/ld+json\" class=\"yoast-schema-graph\">{\"@context\":\"https:\/\/schema.org\",\"@graph\":[{\"@type\":\"WebPage\",\"@id\":\"https:\/\/shop.dacianodacosta.pt\/product\/tripeca\/\",\"url\":\"https:\/\/shop.dacianodacosta.pt\/product\/tripeca\/\",\"name\":\"Tripe\u00e7a Chair | Daciano da Costa\",\"isPartOf\":{\"@id\":\"https:\/\/shop.dacianodacosta.pt\/#website\"},\"primaryImageOfPage\":{\"@id\":\"https:\/\/shop.dacianodacosta.pt\/product\/tripeca\/#primaryimage\"},\"image\":{\"@id\":\"https:\/\/shop.dacianodacosta.pt\/product\/tripeca\/#primaryimage\"},\"thumbnailUrl\":\"https:\/\/shop.dacianodacosta.pt\/wp-content\/uploads\/2021\/03\/Tripeca_Madeira.png\",\"datePublished\":\"2021-12-09T15:30:58+00:00\",\"dateModified\":\"2026-02-09T12:30:55+00:00\",\"breadcrumb\":{\"@id\":\"https:\/\/shop.dacianodacosta.pt\/product\/tripeca\/#breadcrumb\"},\"inLanguage\":\"pt-PT\",\"potentialAction\":[{\"@type\":\"ReadAction\",\"target\":[\"https:\/\/shop.dacianodacosta.pt\/product\/tripeca\/\"]}]},{\"@type\":\"ImageObject\",\"inLanguage\":\"pt-PT\",\"@id\":\"https:\/\/shop.dacianodacosta.pt\/product\/tripeca\/#primaryimage\",\"url\":\"https:\/\/shop.dacianodacosta.pt\/wp-content\/uploads\/2021\/03\/Tripeca_Madeira.png\",\"contentUrl\":\"https:\/\/shop.dacianodacosta.pt\/wp-content\/uploads\/2021\/03\/Tripeca_Madeira.png\",\"width\":627,\"height\":590},{\"@type\":\"BreadcrumbList\",\"@id\":\"https:\/\/shop.dacianodacosta.pt\/product\/tripeca\/#breadcrumb\",\"itemListElement\":[{\"@type\":\"ListItem\",\"position\":1,\"name\":\"Home\",\"item\":\"https:\/\/shop.dacianodacosta.pt\/\"},{\"@type\":\"ListItem\",\"position\":2,\"name\":\"Shop\",\"item\":\"https:\/\/shop.dacianodacosta.pt\/pt\/shop\/\"},{\"@type\":\"ListItem\",\"position\":3,\"name\":\"Tripe\u00e7a Chair\"}]},{\"@type\":\"WebSite\",\"@id\":\"https:\/\/shop.dacianodacosta.pt\/#website\",\"url\":\"https:\/\/shop.dacianodacosta.pt\/\",\"name\":\"Daciano da Costa\",\"description\":\"Official Site\",\"publisher\":{\"@id\":\"https:\/\/shop.dacianodacosta.pt\/#organization\"},\"potentialAction\":[{\"@type\":\"SearchAction\",\"target\":{\"@type\":\"EntryPoint\",\"urlTemplate\":\"https:\/\/shop.dacianodacosta.pt\/?s={search_term_string}\"},\"query-input\":{\"@type\":\"PropertyValueSpecification\",\"valueRequired\":true,\"valueName\":\"search_term_string\"}}],\"inLanguage\":\"pt-PT\"},{\"@type\":\"Organization\",\"@id\":\"https:\/\/shop.dacianodacosta.pt\/#organization\",\"name\":\"Atelier Daciano Da Costa\",\"url\":\"https:\/\/shop.dacianodacosta.pt\/\",\"logo\":{\"@type\":\"ImageObject\",\"inLanguage\":\"pt-PT\",\"@id\":\"https:\/\/shop.dacianodacosta.pt\/#\/schema\/logo\/image\/\",\"url\":\"https:\/\/shop.dacianodacosta.pt\/wp-content\/uploads\/2021\/01\/Logo-1.png\",\"contentUrl\":\"https:\/\/shop.dacianodacosta.pt\/wp-content\/uploads\/2021\/01\/Logo-1.png\",\"width\":513,\"height\":513,\"caption\":\"Atelier Daciano Da Costa\"},\"image\":{\"@id\":\"https:\/\/shop.dacianodacosta.pt\/#\/schema\/logo\/image\/\"},\"sameAs\":[\"https:\/\/www.facebook.com\/atelierdacianodacosta\/\",\"https:\/\/www.instagram.com\/atelierdacianodacosta\/\"]}]}<\/script>\n<!-- \/ Yoast SEO plugin. -->","yoast_head_json":{"title":"Tripe\u00e7a Chair | Daciano da Costa","robots":{"index":"index","follow":"follow","max-snippet":"max-snippet:-1","max-image-preview":"max-image-preview:large","max-video-preview":"max-video-preview:-1"},"canonical":"https:\/\/shop.dacianodacosta.pt\/pt\/produto\/tripeca\/","og_locale":"pt_PT","og_type":"article","og_title":"Tripe\u00e7a Chair | Daciano da Costa","og_description":"Author | Daciano da Costa  Work |\u00a0CASINO PARK HOTEL  Year | 1972      Dimensions | W.460 x H.720 x D.380 mm  Materials | Wood structure, Burel or Linen Seat","og_url":"https:\/\/shop.dacianodacosta.pt\/pt\/produto\/tripeca\/","og_site_name":"Daciano da Costa","article_publisher":"https:\/\/www.facebook.com\/atelierdacianodacosta\/","article_modified_time":"2026-02-09T12:30:55+00:00","og_image":[{"width":627,"height":590,"url":"https:\/\/shop.dacianodacosta.pt\/wp-content\/uploads\/2021\/03\/Tripeca_Madeira.png","type":"image\/png"}],"twitter_card":"summary_large_image","twitter_misc":{"Tempo estimado de leitura":"1 minuto"},"schema":{"@context":"https:\/\/schema.org","@graph":[{"@type":"WebPage","@id":"https:\/\/shop.dacianodacosta.pt\/product\/tripeca\/","url":"https:\/\/shop.dacianodacosta.pt\/product\/tripeca\/","name":"Tripe\u00e7a Chair | Daciano da Costa","isPartOf":{"@id":"https:\/\/shop.dacianodacosta.pt\/#website"},"primaryImageOfPage":{"@id":"https:\/\/shop.dacianodacosta.pt\/product\/tripeca\/#primaryimage"},"image":{"@id":"https:\/\/shop.dacianodacosta.pt\/product\/tripeca\/#primaryimage"},"thumbnailUrl":"https:\/\/shop.dacianodacosta.pt\/wp-content\/uploads\/2021\/03\/Tripeca_Madeira.png","datePublished":"2021-12-09T15:30:58+00:00","dateModified":"2026-02-09T12:30:55+00:00","breadcrumb":{"@id":"https:\/\/shop.dacianodacosta.pt\/product\/tripeca\/#breadcrumb"},"inLanguage":"pt-PT","potentialAction":[{"@type":"ReadAction","target":["https:\/\/shop.dacianodacosta.pt\/product\/tripeca\/"]}]},{"@type":"ImageObject","inLanguage":"pt-PT","@id":"https:\/\/shop.dacianodacosta.pt\/product\/tripeca\/#primaryimage","url":"https:\/\/shop.dacianodacosta.pt\/wp-content\/uploads\/2021\/03\/Tripeca_Madeira.png","contentUrl":"https:\/\/shop.dacianodacosta.pt\/wp-content\/uploads\/2021\/03\/Tripeca_Madeira.png","width":627,"height":590},{"@type":"BreadcrumbList","@id":"https:\/\/shop.dacianodacosta.pt\/product\/tripeca\/#breadcrumb","itemListElement":[{"@type":"ListItem","position":1,"name":"Home","item":"https:\/\/shop.dacianodacosta.pt\/"},{"@type":"ListItem","position":2,"name":"Shop","item":"https:\/\/shop.dacianodacosta.pt\/pt\/shop\/"},{"@type":"ListItem","position":3,"name":"Tripe\u00e7a Chair"}]},{"@type":"WebSite","@id":"https:\/\/shop.dacianodacosta.pt\/#website","url":"https:\/\/shop.dacianodacosta.pt\/","name":"Daciano da Costa","description":"Official Site","publisher":{"@id":"https:\/\/shop.dacianodacosta.pt\/#organization"},"potentialAction":[{"@type":"SearchAction","target":{"@type":"EntryPoint","urlTemplate":"https:\/\/shop.dacianodacosta.pt\/?s={search_term_string}"},"query-input":{"@type":"PropertyValueSpecification","valueRequired":true,"valueName":"search_term_string"}}],"inLanguage":"pt-PT"},{"@type":"Organization","@id":"https:\/\/shop.dacianodacosta.pt\/#organization","name":"Atelier Daciano Da Costa","url":"https:\/\/shop.dacianodacosta.pt\/","logo":{"@type":"ImageObject","inLanguage":"pt-PT","@id":"https:\/\/shop.dacianodacosta.pt\/#\/schema\/logo\/image\/","url":"https:\/\/shop.dacianodacosta.pt\/wp-content\/uploads\/2021\/01\/Logo-1.png","contentUrl":"https:\/\/shop.dacianodacosta.pt\/wp-content\/uploads\/2021\/01\/Logo-1.png","width":513,"height":513,"caption":"Atelier Daciano Da Costa"},"image":{"@id":"https:\/\/shop.dacianodacosta.pt\/#\/schema\/logo\/image\/"},"sameAs":["https:\/\/www.facebook.com\/atelierdacianodacosta\/","https:\/\/www.instagram.com\/atelierdacianodacosta\/"]}]}},"_links":{"self":[{"href":"https:\/\/shop.dacianodacosta.pt\/pt\/wp-json\/wp\/v2\/product\/3014","targetHints":{"allow":["GET"]}}],"collection":[{"href":"https:\/\/shop.dacianodacosta.pt\/pt\/wp-json\/wp\/v2\/product"}],"about":[{"href":"https:\/\/shop.dacianodacosta.pt\/pt\/wp-json\/wp\/v2\/types\/product"}],"wp:featuredmedia":[{"embeddable":true,"href":"https:\/\/shop.dacianodacosta.pt\/pt\/wp-json\/wp\/v2\/media\/2871"}],"wp:attachment":[{"href":"https:\/\/shop.dacianodacosta.pt\/pt\/wp-json\/wp\/v2\/media?parent=3014"}],"wp:term":[{"taxonomy":"product_cat","embeddable":true,"href":"https:\/\/shop.dacianodacosta.pt\/pt\/wp-json\/wp\/v2\/product_cat?post=3014"},{"taxonomy":"product_tag","embeddable":true,"href":"https:\/\/shop.dacianodacosta.pt\/pt\/wp-json\/wp\/v2\/product_tag?post=3014"}],"curies":[{"name":"wp","href":"https:\/\/api.w.org\/{rel}","templated":true}]}}