{"id":3058,"date":"2021-12-09T16:53:17","date_gmt":"2021-12-09T16:53:17","guid":{"rendered":"https:\/\/shop.dacianodacosta.pt\/?post_type=product&#038;p=3058"},"modified":"2024-12-09T12:33:19","modified_gmt":"2024-12-09T12:33:19","slug":"penta-frag-x","status":"publish","type":"product","link":"https:\/\/shop.dacianodacosta.pt\/pt\/produto\/penta-frag-x\/","title":{"rendered":"Penta Frag X"},"content":{"rendered":"<div class=\"content-title content-title-left margin-top20ms\">\n<h2 class=\"title text-uppercase\">Tape\u00e7arias Penta<\/h2>\n<p><span style=\"font-size: 16px;\">Para o projecto de arquitectura de interiores, de mobili\u00e1rio e grafismo da obra do Hotel Penta (1971), Daciano da Costa desenha a sinal\u00e9tica do interior do Hotel. Para al\u00e9m da sua fun\u00e7\u00e3o corrente de identifica\u00e7\u00e3o de espa\u00e7os e \u00e1trios dos corredores, foi tamb\u00e9m concebida como complemento decorativo.<\/span><\/p>\n<\/div>\n<div class=\"xms-text\">\n<p>Os pain\u00e9is de identifica\u00e7\u00e3o dos pisos, colocados nos \u00e1trios dos elevadores, foram materializados como tape\u00e7arias de colorido vibrante, composi\u00e7\u00f5es pl\u00e1sticas fragmentadas e din\u00e2micas. \n\nNo \u00e2mbito do projecto de valoriza\u00e7\u00e3o da obra de Daciano da Costa, o Atelier seleccionou os estudos gr\u00e1ficos para a reedi\u00e7\u00e3o da Linha Penta Estudos e da Linha Penta Fragmentos.\u00a0<strong>Penta Estudos<\/strong> e <strong>Penta Fragmentos<\/strong>.<\/p>\n<p><strong>Penta Fragmentos<\/strong><\/p>\n<p><span lang=\"en\">Reedi\u00e7\u00e3o das tape\u00e7arias fragmentadas, concebidas para a identifica\u00e7\u00e3o dos pisos do Hotel Penta (1971). Tendo como refer\u00eancia os desenhos originais do projecto datados de 1970.<\/span><\/p>\n<\/div>","protected":false},"excerpt":{"rendered":"<div class=\"page\" title=\"Page 12\">\n<div class=\"section\">\n<div class=\"layoutArea\">\n<div class=\"column\">\n<p>Composi\u00e7\u00e3o | l\u00e3, seda bot\u00e2nica contract e mohair<br \/>\nT\u00e9cnica | tufado manual<\/p>\n<div class=\"page\" title=\"Page 40\">\n<div class=\"section\">\n<div class=\"layoutArea\">\n<div class=\"column\">\n<p>Dimens\u00f5es | 70 x 70 mm \/cada<\/p>\n<\/div>\n<\/div>\n<\/div>\n<\/div>\n<\/div>\n<\/div>\n<div class=\"layoutArea\">\n<div class=\"column\">\n<p>Altura do p\u00ealo | 14 mm<\/p>\n<p>Fabricado em Portugal<\/p>\n<p><a href=\"https:\/\/shop.dacianodacosta.pt\/wp-content\/uploads\/2022\/05\/FichaTecnica_Frag.10.pdf\" target=\"_blank\" rel=\"noopener\">Technical sheet<\/a><\/p>\n<p><a href=\"https:\/\/shop.dacianodacosta.pt\/wp-content\/uploads\/2022\/05\/Manutencao_PentaENG.pdf\" target=\"_blank\" rel=\"noopener\">Descarregar manual de utiliza\u00e7\u00e3o <\/a><\/p>\n<\/div>\n<\/div>\n<\/div>\n<\/div>","protected":false},"featured_media":1619,"template":"","meta":[],"product_cat":[107],"product_tag":[158],"class_list":{"0":"post-3058","1":"product","2":"type-product","3":"status-publish","4":"has-post-thumbnail","6":"product_cat-tapestry","7":"product_tag-penta","8":"product_shipping_class-penta","10":"first","11":"onbackorder","12":"shipping-taxable","13":"product-type-simple"},"yoast_head":"<!-- This site is optimized with the Yoast SEO plugin v24.0 - https:\/\/yoast.com\/wordpress\/plugins\/seo\/ -->\n<title>Penta Frag X | Daciano da Costa<\/title>\n<meta name=\"robots\" content=\"index, follow, max-snippet:-1, max-image-preview:large, max-video-preview:-1\" \/>\n<link rel=\"canonical\" href=\"https:\/\/shop.dacianodacosta.pt\/pt\/produto\/penta-frag-x\/\" \/>\n<meta property=\"og:locale\" content=\"pt_PT\" \/>\n<meta property=\"og:type\" content=\"article\" \/>\n<meta property=\"og:title\" content=\"Penta Frag X | Daciano da Costa\" \/>\n<meta property=\"og:description\" content=\"Composition | wool, botanical silk contract and mohair Quality | hand-tufted      Size | 70 x 70 \/each           Pile Height | 14 mm  Made in Portugal  Technical sheet  Download user manual\" \/>\n<meta property=\"og:url\" content=\"https:\/\/shop.dacianodacosta.pt\/pt\/produto\/penta-frag-x\/\" \/>\n<meta property=\"og:site_name\" content=\"Daciano da Costa\" \/>\n<meta property=\"article:publisher\" content=\"https:\/\/www.facebook.com\/atelierdacianodacosta\/\" \/>\n<meta property=\"article:modified_time\" content=\"2024-12-09T12:33:19+00:00\" \/>\n<meta property=\"og:image\" content=\"https:\/\/shop.dacianodacosta.pt\/wp-content\/uploads\/2021\/02\/10.jpg\" \/>\n\t<meta property=\"og:image:width\" content=\"627\" \/>\n\t<meta property=\"og:image:height\" content=\"590\" \/>\n\t<meta property=\"og:image:type\" content=\"image\/jpeg\" \/>\n<meta name=\"twitter:card\" content=\"summary_large_image\" \/>\n<meta name=\"twitter:label1\" content=\"Tempo estimado de leitura\" \/>\n\t<meta name=\"twitter:data1\" content=\"1 minuto\" \/>\n<script type=\"application\/ld+json\" class=\"yoast-schema-graph\">{\"@context\":\"https:\/\/schema.org\",\"@graph\":[{\"@type\":\"WebPage\",\"@id\":\"https:\/\/shop.dacianodacosta.pt\/product\/penta-frag-x\/\",\"url\":\"https:\/\/shop.dacianodacosta.pt\/product\/penta-frag-x\/\",\"name\":\"Penta Frag X | Daciano da Costa\",\"isPartOf\":{\"@id\":\"https:\/\/shop.dacianodacosta.pt\/#website\"},\"primaryImageOfPage\":{\"@id\":\"https:\/\/shop.dacianodacosta.pt\/product\/penta-frag-x\/#primaryimage\"},\"image\":{\"@id\":\"https:\/\/shop.dacianodacosta.pt\/product\/penta-frag-x\/#primaryimage\"},\"thumbnailUrl\":\"https:\/\/shop.dacianodacosta.pt\/wp-content\/uploads\/2021\/02\/10.jpg\",\"datePublished\":\"2021-12-09T16:53:17+00:00\",\"dateModified\":\"2024-12-09T12:33:19+00:00\",\"breadcrumb\":{\"@id\":\"https:\/\/shop.dacianodacosta.pt\/product\/penta-frag-x\/#breadcrumb\"},\"inLanguage\":\"pt-PT\",\"potentialAction\":[{\"@type\":\"ReadAction\",\"target\":[\"https:\/\/shop.dacianodacosta.pt\/product\/penta-frag-x\/\"]}]},{\"@type\":\"ImageObject\",\"inLanguage\":\"pt-PT\",\"@id\":\"https:\/\/shop.dacianodacosta.pt\/product\/penta-frag-x\/#primaryimage\",\"url\":\"https:\/\/shop.dacianodacosta.pt\/wp-content\/uploads\/2021\/02\/10.jpg\",\"contentUrl\":\"https:\/\/shop.dacianodacosta.pt\/wp-content\/uploads\/2021\/02\/10.jpg\",\"width\":627,\"height\":590},{\"@type\":\"BreadcrumbList\",\"@id\":\"https:\/\/shop.dacianodacosta.pt\/product\/penta-frag-x\/#breadcrumb\",\"itemListElement\":[{\"@type\":\"ListItem\",\"position\":1,\"name\":\"Home\",\"item\":\"https:\/\/shop.dacianodacosta.pt\/\"},{\"@type\":\"ListItem\",\"position\":2,\"name\":\"Shop\",\"item\":\"https:\/\/shop.dacianodacosta.pt\/pt\/shop\/\"},{\"@type\":\"ListItem\",\"position\":3,\"name\":\"Penta Frag X\"}]},{\"@type\":\"WebSite\",\"@id\":\"https:\/\/shop.dacianodacosta.pt\/#website\",\"url\":\"https:\/\/shop.dacianodacosta.pt\/\",\"name\":\"Daciano da Costa\",\"description\":\"Official Site\",\"publisher\":{\"@id\":\"https:\/\/shop.dacianodacosta.pt\/#organization\"},\"potentialAction\":[{\"@type\":\"SearchAction\",\"target\":{\"@type\":\"EntryPoint\",\"urlTemplate\":\"https:\/\/shop.dacianodacosta.pt\/?s={search_term_string}\"},\"query-input\":{\"@type\":\"PropertyValueSpecification\",\"valueRequired\":true,\"valueName\":\"search_term_string\"}}],\"inLanguage\":\"pt-PT\"},{\"@type\":\"Organization\",\"@id\":\"https:\/\/shop.dacianodacosta.pt\/#organization\",\"name\":\"Atelier Daciano Da Costa\",\"url\":\"https:\/\/shop.dacianodacosta.pt\/\",\"logo\":{\"@type\":\"ImageObject\",\"inLanguage\":\"pt-PT\",\"@id\":\"https:\/\/shop.dacianodacosta.pt\/#\/schema\/logo\/image\/\",\"url\":\"https:\/\/shop.dacianodacosta.pt\/wp-content\/uploads\/2021\/01\/Logo-1.png\",\"contentUrl\":\"https:\/\/shop.dacianodacosta.pt\/wp-content\/uploads\/2021\/01\/Logo-1.png\",\"width\":513,\"height\":513,\"caption\":\"Atelier Daciano Da Costa\"},\"image\":{\"@id\":\"https:\/\/shop.dacianodacosta.pt\/#\/schema\/logo\/image\/\"},\"sameAs\":[\"https:\/\/www.facebook.com\/atelierdacianodacosta\/\",\"https:\/\/www.instagram.com\/atelierdacianodacosta\/\"]}]}<\/script>\n<!-- \/ Yoast SEO plugin. -->","yoast_head_json":{"title":"Penta Frag X | Daciano da Costa","robots":{"index":"index","follow":"follow","max-snippet":"max-snippet:-1","max-image-preview":"max-image-preview:large","max-video-preview":"max-video-preview:-1"},"canonical":"https:\/\/shop.dacianodacosta.pt\/pt\/produto\/penta-frag-x\/","og_locale":"pt_PT","og_type":"article","og_title":"Penta Frag X | Daciano da Costa","og_description":"Composition | wool, botanical silk contract and mohair Quality | hand-tufted      Size | 70 x 70 \/each           Pile Height | 14 mm  Made in Portugal  Technical sheet  Download user manual","og_url":"https:\/\/shop.dacianodacosta.pt\/pt\/produto\/penta-frag-x\/","og_site_name":"Daciano da Costa","article_publisher":"https:\/\/www.facebook.com\/atelierdacianodacosta\/","article_modified_time":"2024-12-09T12:33:19+00:00","og_image":[{"width":627,"height":590,"url":"https:\/\/shop.dacianodacosta.pt\/wp-content\/uploads\/2021\/02\/10.jpg","type":"image\/jpeg"}],"twitter_card":"summary_large_image","twitter_misc":{"Tempo estimado de leitura":"1 minuto"},"schema":{"@context":"https:\/\/schema.org","@graph":[{"@type":"WebPage","@id":"https:\/\/shop.dacianodacosta.pt\/product\/penta-frag-x\/","url":"https:\/\/shop.dacianodacosta.pt\/product\/penta-frag-x\/","name":"Penta Frag X | Daciano da Costa","isPartOf":{"@id":"https:\/\/shop.dacianodacosta.pt\/#website"},"primaryImageOfPage":{"@id":"https:\/\/shop.dacianodacosta.pt\/product\/penta-frag-x\/#primaryimage"},"image":{"@id":"https:\/\/shop.dacianodacosta.pt\/product\/penta-frag-x\/#primaryimage"},"thumbnailUrl":"https:\/\/shop.dacianodacosta.pt\/wp-content\/uploads\/2021\/02\/10.jpg","datePublished":"2021-12-09T16:53:17+00:00","dateModified":"2024-12-09T12:33:19+00:00","breadcrumb":{"@id":"https:\/\/shop.dacianodacosta.pt\/product\/penta-frag-x\/#breadcrumb"},"inLanguage":"pt-PT","potentialAction":[{"@type":"ReadAction","target":["https:\/\/shop.dacianodacosta.pt\/product\/penta-frag-x\/"]}]},{"@type":"ImageObject","inLanguage":"pt-PT","@id":"https:\/\/shop.dacianodacosta.pt\/product\/penta-frag-x\/#primaryimage","url":"https:\/\/shop.dacianodacosta.pt\/wp-content\/uploads\/2021\/02\/10.jpg","contentUrl":"https:\/\/shop.dacianodacosta.pt\/wp-content\/uploads\/2021\/02\/10.jpg","width":627,"height":590},{"@type":"BreadcrumbList","@id":"https:\/\/shop.dacianodacosta.pt\/product\/penta-frag-x\/#breadcrumb","itemListElement":[{"@type":"ListItem","position":1,"name":"Home","item":"https:\/\/shop.dacianodacosta.pt\/"},{"@type":"ListItem","position":2,"name":"Shop","item":"https:\/\/shop.dacianodacosta.pt\/pt\/shop\/"},{"@type":"ListItem","position":3,"name":"Penta Frag X"}]},{"@type":"WebSite","@id":"https:\/\/shop.dacianodacosta.pt\/#website","url":"https:\/\/shop.dacianodacosta.pt\/","name":"Daciano da Costa","description":"Official Site","publisher":{"@id":"https:\/\/shop.dacianodacosta.pt\/#organization"},"potentialAction":[{"@type":"SearchAction","target":{"@type":"EntryPoint","urlTemplate":"https:\/\/shop.dacianodacosta.pt\/?s={search_term_string}"},"query-input":{"@type":"PropertyValueSpecification","valueRequired":true,"valueName":"search_term_string"}}],"inLanguage":"pt-PT"},{"@type":"Organization","@id":"https:\/\/shop.dacianodacosta.pt\/#organization","name":"Atelier Daciano Da Costa","url":"https:\/\/shop.dacianodacosta.pt\/","logo":{"@type":"ImageObject","inLanguage":"pt-PT","@id":"https:\/\/shop.dacianodacosta.pt\/#\/schema\/logo\/image\/","url":"https:\/\/shop.dacianodacosta.pt\/wp-content\/uploads\/2021\/01\/Logo-1.png","contentUrl":"https:\/\/shop.dacianodacosta.pt\/wp-content\/uploads\/2021\/01\/Logo-1.png","width":513,"height":513,"caption":"Atelier Daciano Da Costa"},"image":{"@id":"https:\/\/shop.dacianodacosta.pt\/#\/schema\/logo\/image\/"},"sameAs":["https:\/\/www.facebook.com\/atelierdacianodacosta\/","https:\/\/www.instagram.com\/atelierdacianodacosta\/"]}]}},"_links":{"self":[{"href":"https:\/\/shop.dacianodacosta.pt\/pt\/wp-json\/wp\/v2\/product\/3058","targetHints":{"allow":["GET"]}}],"collection":[{"href":"https:\/\/shop.dacianodacosta.pt\/pt\/wp-json\/wp\/v2\/product"}],"about":[{"href":"https:\/\/shop.dacianodacosta.pt\/pt\/wp-json\/wp\/v2\/types\/product"}],"wp:featuredmedia":[{"embeddable":true,"href":"https:\/\/shop.dacianodacosta.pt\/pt\/wp-json\/wp\/v2\/media\/1619"}],"wp:attachment":[{"href":"https:\/\/shop.dacianodacosta.pt\/pt\/wp-json\/wp\/v2\/media?parent=3058"}],"wp:term":[{"taxonomy":"product_cat","embeddable":true,"href":"https:\/\/shop.dacianodacosta.pt\/pt\/wp-json\/wp\/v2\/product_cat?post=3058"},{"taxonomy":"product_tag","embeddable":true,"href":"https:\/\/shop.dacianodacosta.pt\/pt\/wp-json\/wp\/v2\/product_tag?post=3058"}],"curies":[{"name":"wp","href":"https:\/\/api.w.org\/{rel}","templated":true}]}}