{"id":4245,"date":"2023-04-12T13:03:25","date_gmt":"2023-04-12T13:03:25","guid":{"rendered":"https:\/\/shop.dacianodacosta.pt\/?post_type=product&#038;p=4245"},"modified":"2025-11-26T16:56:56","modified_gmt":"2025-11-26T16:56:56","slug":"chair-chronology-poster-daciano-da-costa","status":"publish","type":"product","link":"https:\/\/shop.dacianodacosta.pt\/pt\/produto\/chair-chronology-poster-daciano-da-costa\/","title":{"rendered":"Cartaz Cronol\u00f3gico 2024 - Daciano da costa"},"content":{"rendered":"<div class=\"lmt__inner_textarea_container\" title=\"Click a word to see alternative translations\">\n<div class=\"lmt__textarea_base_style\">No \u00e2mbito do projecto de valoriza\u00e7\u00e3o da obra de Daciano da Costa, inici\u00e1mos uma colec\u00e7\u00e3o de cartazes gr\u00e1ficos alusivos \u00e0 obra do autor.\nO primeiro cartaz \u00e9 uma cronologia de uma sele\u00e7\u00e3o de cadeiras de Daciano da Costa numa solu\u00e7\u00e3o gr\u00e1fica inspirada noutros cartazes do seu arquivo.<\/div>\n<\/div>","protected":false},"excerpt":{"rendered":"<p>Atelier Daciano da Costa<\/p>\n<p>2024<\/p>\n<p>Dimens\u00f5es | A3 (29.7 x 42 cm)<\/p>\n<p class=\"p1\">200 g<\/p>\n<p>Suporte | Couch\u00e9, brilho cl\u00e1ssico<\/p>","protected":false},"featured_media":4605,"template":"","meta":[],"product_cat":[178],"product_tag":[315],"class_list":{"0":"post-4245","1":"product","2":"type-product","3":"status-publish","4":"has-post-thumbnail","6":"product_cat-prints","7":"product_tag-presente","8":"product_shipping_class-publications","10":"first","11":"instock","12":"shipping-taxable","13":"purchasable","14":"product-type-simple"},"yoast_head":"<!-- This site is optimized with the Yoast SEO plugin v24.0 - https:\/\/yoast.com\/wordpress\/plugins\/seo\/ -->\n<title>Chronology poster 2024 - Daciano da Costa | Daciano da Costa<\/title>\n<meta name=\"robots\" content=\"index, follow, max-snippet:-1, max-image-preview:large, max-video-preview:-1\" \/>\n<link rel=\"canonical\" href=\"https:\/\/shop.dacianodacosta.pt\/pt\/produto\/chair-chronology-poster-daciano-da-costa\/\" \/>\n<meta property=\"og:locale\" content=\"pt_PT\" \/>\n<meta property=\"og:type\" content=\"article\" \/>\n<meta property=\"og:title\" content=\"Chronology poster 2024 - Daciano da Costa | Daciano da Costa\" \/>\n<meta property=\"og:description\" content=\"Atelier Daciano da Costa  2024  Dimension | A3 (29.7 x 42 cm) 200 g Suport | Couch\u00e9, Classic gloss\" \/>\n<meta property=\"og:url\" content=\"https:\/\/shop.dacianodacosta.pt\/pt\/produto\/chair-chronology-poster-daciano-da-costa\/\" \/>\n<meta property=\"og:site_name\" content=\"Daciano da Costa\" \/>\n<meta property=\"article:publisher\" content=\"https:\/\/www.facebook.com\/atelierdacianodacosta\/\" \/>\n<meta property=\"article:modified_time\" content=\"2025-11-26T16:56:56+00:00\" \/>\n<meta property=\"og:image\" content=\"https:\/\/shop.dacianodacosta.pt\/wp-content\/uploads\/2023\/04\/57731-e1709901732433-1024x1024.png\" \/>\n\t<meta property=\"og:image:width\" content=\"1024\" \/>\n\t<meta property=\"og:image:height\" content=\"1024\" \/>\n\t<meta property=\"og:image:type\" content=\"image\/png\" \/>\n<meta name=\"twitter:card\" content=\"summary_large_image\" \/>\n<meta name=\"twitter:label1\" content=\"Tempo estimado de leitura\" \/>\n\t<meta name=\"twitter:data1\" content=\"1 minuto\" \/>\n<script type=\"application\/ld+json\" class=\"yoast-schema-graph\">{\"@context\":\"https:\/\/schema.org\",\"@graph\":[{\"@type\":\"WebPage\",\"@id\":\"https:\/\/shop.dacianodacosta.pt\/product\/chair-chronology-poster-daciano-da-costa\/\",\"url\":\"https:\/\/shop.dacianodacosta.pt\/product\/chair-chronology-poster-daciano-da-costa\/\",\"name\":\"Chronology poster 2024 - Daciano da Costa | Daciano da Costa\",\"isPartOf\":{\"@id\":\"https:\/\/shop.dacianodacosta.pt\/#website\"},\"primaryImageOfPage\":{\"@id\":\"https:\/\/shop.dacianodacosta.pt\/product\/chair-chronology-poster-daciano-da-costa\/#primaryimage\"},\"image\":{\"@id\":\"https:\/\/shop.dacianodacosta.pt\/product\/chair-chronology-poster-daciano-da-costa\/#primaryimage\"},\"thumbnailUrl\":\"https:\/\/shop.dacianodacosta.pt\/wp-content\/uploads\/2023\/04\/57731-e1709901732433.png\",\"datePublished\":\"2023-04-12T13:03:25+00:00\",\"dateModified\":\"2025-11-26T16:56:56+00:00\",\"breadcrumb\":{\"@id\":\"https:\/\/shop.dacianodacosta.pt\/product\/chair-chronology-poster-daciano-da-costa\/#breadcrumb\"},\"inLanguage\":\"pt-PT\",\"potentialAction\":[{\"@type\":\"ReadAction\",\"target\":[\"https:\/\/shop.dacianodacosta.pt\/product\/chair-chronology-poster-daciano-da-costa\/\"]}]},{\"@type\":\"ImageObject\",\"inLanguage\":\"pt-PT\",\"@id\":\"https:\/\/shop.dacianodacosta.pt\/product\/chair-chronology-poster-daciano-da-costa\/#primaryimage\",\"url\":\"https:\/\/shop.dacianodacosta.pt\/wp-content\/uploads\/2023\/04\/57731-e1709901732433.png\",\"contentUrl\":\"https:\/\/shop.dacianodacosta.pt\/wp-content\/uploads\/2023\/04\/57731-e1709901732433.png\",\"width\":3333,\"height\":3333},{\"@type\":\"BreadcrumbList\",\"@id\":\"https:\/\/shop.dacianodacosta.pt\/product\/chair-chronology-poster-daciano-da-costa\/#breadcrumb\",\"itemListElement\":[{\"@type\":\"ListItem\",\"position\":1,\"name\":\"Home\",\"item\":\"https:\/\/shop.dacianodacosta.pt\/\"},{\"@type\":\"ListItem\",\"position\":2,\"name\":\"Shop\",\"item\":\"https:\/\/shop.dacianodacosta.pt\/pt\/shop\/\"},{\"@type\":\"ListItem\",\"position\":3,\"name\":\"Chronology poster 2024 &#8211; Daciano da Costa\"}]},{\"@type\":\"WebSite\",\"@id\":\"https:\/\/shop.dacianodacosta.pt\/#website\",\"url\":\"https:\/\/shop.dacianodacosta.pt\/\",\"name\":\"Daciano da Costa\",\"description\":\"Official Site\",\"publisher\":{\"@id\":\"https:\/\/shop.dacianodacosta.pt\/#organization\"},\"potentialAction\":[{\"@type\":\"SearchAction\",\"target\":{\"@type\":\"EntryPoint\",\"urlTemplate\":\"https:\/\/shop.dacianodacosta.pt\/?s={search_term_string}\"},\"query-input\":{\"@type\":\"PropertyValueSpecification\",\"valueRequired\":true,\"valueName\":\"search_term_string\"}}],\"inLanguage\":\"pt-PT\"},{\"@type\":\"Organization\",\"@id\":\"https:\/\/shop.dacianodacosta.pt\/#organization\",\"name\":\"Atelier Daciano Da Costa\",\"url\":\"https:\/\/shop.dacianodacosta.pt\/\",\"logo\":{\"@type\":\"ImageObject\",\"inLanguage\":\"pt-PT\",\"@id\":\"https:\/\/shop.dacianodacosta.pt\/#\/schema\/logo\/image\/\",\"url\":\"https:\/\/shop.dacianodacosta.pt\/wp-content\/uploads\/2021\/01\/Logo-1.png\",\"contentUrl\":\"https:\/\/shop.dacianodacosta.pt\/wp-content\/uploads\/2021\/01\/Logo-1.png\",\"width\":513,\"height\":513,\"caption\":\"Atelier Daciano Da Costa\"},\"image\":{\"@id\":\"https:\/\/shop.dacianodacosta.pt\/#\/schema\/logo\/image\/\"},\"sameAs\":[\"https:\/\/www.facebook.com\/atelierdacianodacosta\/\",\"https:\/\/www.instagram.com\/atelierdacianodacosta\/\"]}]}<\/script>\n<!-- \/ Yoast SEO plugin. -->","yoast_head_json":{"title":"Chronology poster 2024 - Daciano da Costa | Daciano da Costa","robots":{"index":"index","follow":"follow","max-snippet":"max-snippet:-1","max-image-preview":"max-image-preview:large","max-video-preview":"max-video-preview:-1"},"canonical":"https:\/\/shop.dacianodacosta.pt\/pt\/produto\/chair-chronology-poster-daciano-da-costa\/","og_locale":"pt_PT","og_type":"article","og_title":"Chronology poster 2024 - Daciano da Costa | Daciano da Costa","og_description":"Atelier Daciano da Costa  2024  Dimension | A3 (29.7 x 42 cm) 200 g Suport | Couch\u00e9, Classic gloss","og_url":"https:\/\/shop.dacianodacosta.pt\/pt\/produto\/chair-chronology-poster-daciano-da-costa\/","og_site_name":"Daciano da Costa","article_publisher":"https:\/\/www.facebook.com\/atelierdacianodacosta\/","article_modified_time":"2025-11-26T16:56:56+00:00","og_image":[{"width":1024,"height":1024,"url":"https:\/\/shop.dacianodacosta.pt\/wp-content\/uploads\/2023\/04\/57731-e1709901732433-1024x1024.png","type":"image\/png"}],"twitter_card":"summary_large_image","twitter_misc":{"Tempo estimado de leitura":"1 minuto"},"schema":{"@context":"https:\/\/schema.org","@graph":[{"@type":"WebPage","@id":"https:\/\/shop.dacianodacosta.pt\/product\/chair-chronology-poster-daciano-da-costa\/","url":"https:\/\/shop.dacianodacosta.pt\/product\/chair-chronology-poster-daciano-da-costa\/","name":"Chronology poster 2024 - Daciano da Costa | Daciano da Costa","isPartOf":{"@id":"https:\/\/shop.dacianodacosta.pt\/#website"},"primaryImageOfPage":{"@id":"https:\/\/shop.dacianodacosta.pt\/product\/chair-chronology-poster-daciano-da-costa\/#primaryimage"},"image":{"@id":"https:\/\/shop.dacianodacosta.pt\/product\/chair-chronology-poster-daciano-da-costa\/#primaryimage"},"thumbnailUrl":"https:\/\/shop.dacianodacosta.pt\/wp-content\/uploads\/2023\/04\/57731-e1709901732433.png","datePublished":"2023-04-12T13:03:25+00:00","dateModified":"2025-11-26T16:56:56+00:00","breadcrumb":{"@id":"https:\/\/shop.dacianodacosta.pt\/product\/chair-chronology-poster-daciano-da-costa\/#breadcrumb"},"inLanguage":"pt-PT","potentialAction":[{"@type":"ReadAction","target":["https:\/\/shop.dacianodacosta.pt\/product\/chair-chronology-poster-daciano-da-costa\/"]}]},{"@type":"ImageObject","inLanguage":"pt-PT","@id":"https:\/\/shop.dacianodacosta.pt\/product\/chair-chronology-poster-daciano-da-costa\/#primaryimage","url":"https:\/\/shop.dacianodacosta.pt\/wp-content\/uploads\/2023\/04\/57731-e1709901732433.png","contentUrl":"https:\/\/shop.dacianodacosta.pt\/wp-content\/uploads\/2023\/04\/57731-e1709901732433.png","width":3333,"height":3333},{"@type":"BreadcrumbList","@id":"https:\/\/shop.dacianodacosta.pt\/product\/chair-chronology-poster-daciano-da-costa\/#breadcrumb","itemListElement":[{"@type":"ListItem","position":1,"name":"Home","item":"https:\/\/shop.dacianodacosta.pt\/"},{"@type":"ListItem","position":2,"name":"Shop","item":"https:\/\/shop.dacianodacosta.pt\/pt\/shop\/"},{"@type":"ListItem","position":3,"name":"Chronology poster 2024 &#8211; Daciano da Costa"}]},{"@type":"WebSite","@id":"https:\/\/shop.dacianodacosta.pt\/#website","url":"https:\/\/shop.dacianodacosta.pt\/","name":"Daciano da Costa","description":"Official Site","publisher":{"@id":"https:\/\/shop.dacianodacosta.pt\/#organization"},"potentialAction":[{"@type":"SearchAction","target":{"@type":"EntryPoint","urlTemplate":"https:\/\/shop.dacianodacosta.pt\/?s={search_term_string}"},"query-input":{"@type":"PropertyValueSpecification","valueRequired":true,"valueName":"search_term_string"}}],"inLanguage":"pt-PT"},{"@type":"Organization","@id":"https:\/\/shop.dacianodacosta.pt\/#organization","name":"Atelier Daciano Da Costa","url":"https:\/\/shop.dacianodacosta.pt\/","logo":{"@type":"ImageObject","inLanguage":"pt-PT","@id":"https:\/\/shop.dacianodacosta.pt\/#\/schema\/logo\/image\/","url":"https:\/\/shop.dacianodacosta.pt\/wp-content\/uploads\/2021\/01\/Logo-1.png","contentUrl":"https:\/\/shop.dacianodacosta.pt\/wp-content\/uploads\/2021\/01\/Logo-1.png","width":513,"height":513,"caption":"Atelier Daciano Da Costa"},"image":{"@id":"https:\/\/shop.dacianodacosta.pt\/#\/schema\/logo\/image\/"},"sameAs":["https:\/\/www.facebook.com\/atelierdacianodacosta\/","https:\/\/www.instagram.com\/atelierdacianodacosta\/"]}]}},"_links":{"self":[{"href":"https:\/\/shop.dacianodacosta.pt\/pt\/wp-json\/wp\/v2\/product\/4245","targetHints":{"allow":["GET"]}}],"collection":[{"href":"https:\/\/shop.dacianodacosta.pt\/pt\/wp-json\/wp\/v2\/product"}],"about":[{"href":"https:\/\/shop.dacianodacosta.pt\/pt\/wp-json\/wp\/v2\/types\/product"}],"wp:featuredmedia":[{"embeddable":true,"href":"https:\/\/shop.dacianodacosta.pt\/pt\/wp-json\/wp\/v2\/media\/4605"}],"wp:attachment":[{"href":"https:\/\/shop.dacianodacosta.pt\/pt\/wp-json\/wp\/v2\/media?parent=4245"}],"wp:term":[{"taxonomy":"product_cat","embeddable":true,"href":"https:\/\/shop.dacianodacosta.pt\/pt\/wp-json\/wp\/v2\/product_cat?post=4245"},{"taxonomy":"product_tag","embeddable":true,"href":"https:\/\/shop.dacianodacosta.pt\/pt\/wp-json\/wp\/v2\/product_tag?post=4245"}],"curies":[{"name":"wp","href":"https:\/\/api.w.org\/{rel}","templated":true}]}}