{"id":4402,"date":"2023-10-31T11:16:03","date_gmt":"2023-10-31T11:16:03","guid":{"rendered":"https:\/\/shop.dacianodacosta.pt\/?post_type=product&#038;p=4402"},"modified":"2025-11-26T16:56:52","modified_gmt":"2025-11-26T16:56:52","slug":"ccb-by-daciano-da-costa","status":"publish","type":"product","link":"https:\/\/shop.dacianodacosta.pt\/pt\/produto\/ccb-by-daciano-da-costa\/","title":{"rendered":"O CCB por Daciano Da Costa | Jo\u00e3o Paulo Martins"},"content":{"rendered":"<p><strong>A HIST\u00d3RIA DO DESIGN PORTUGU\u00caS ESPELHADA NA VIS\u00c3O DE DACIANO DA COSTA PARA O EQUIPAMENTO E MOBILI\u00c1RIO DO CCB.<\/strong><\/p>\n<p><span style=\"font-weight: 400;\">No projeto do Centro Cultural de Bel\u00e9m (CCB) ganharam particular visibilidade diversos temas que estavam h\u00e1 muito presentes na carreira de Daciano da Costa. Mas o CCB constituiu tamb\u00e9m um ponto de viragem, uma oportunidade para assentar os fundamentos de uma nova etapa no seu percurso criativo.<\/span><\/p>\n<p><span style=\"font-weight: 400;\">Para a hist\u00f3ria do design portugu\u00eas, o CCB tem a import\u00e2ncia de reunir um conjunto \u00edmpar de pe\u00e7as de um autor de refer\u00eancia, cujo resultado reflete uma etapa particular da nossa hist\u00f3ria contempor\u00e2nea. A obra e o seu autor refor\u00e7am-se reciprocamente: sublinham a fun\u00e7\u00e3o simb\u00f3lica do edif\u00edcio, a relev\u00e2ncia coletiva da sua edifica\u00e7\u00e3o e o papel cultural do design na defini\u00e7\u00e3o das formas de uma \u00e9poca.<\/span><\/p>\n<p><b>Jo\u00e3o Paulo Martins<\/b><\/p>\n<p>&nbsp;<\/p>","protected":false},"excerpt":{"rendered":"<p>DESIGN DE EQUIPAMENTO E MOBILI\u00c1RIO (1993-2023)<\/p>\n<p><strong>Jo\u00e3o Paulo Martins<\/strong><\/p>\n<p>Publica\u00e7\u00e3o Tinta da China<\/p>\n<p>Edi\u00e7\u00e3o Bilingue.<\/p>\n<div class=\"item notas\">Apresenta\u00e7\u00e3o: El\u00edsio Summavielle<\/div>\n<div class=\"item info-geral\">NOVEMBRO DE 2023 \u00a0| 200 \u00a0PP \u00a0| 27\u00d723<\/div>\n<div class=\"item isbn\">ISBN: 978\u2011989\u2011671\u2011788-9<\/div>\n<p>&nbsp;<\/p>","protected":false},"featured_media":4407,"template":"","meta":[],"product_cat":[157],"product_tag":[315],"class_list":{"0":"post-4402","1":"product","2":"type-product","3":"status-publish","4":"has-post-thumbnail","6":"product_cat-publications","7":"product_tag-presente","8":"product_shipping_class-publications","10":"first","11":"instock","12":"shipping-taxable","13":"purchasable","14":"product-type-simple"},"yoast_head":"<!-- This site is optimized with the Yoast SEO plugin v24.0 - https:\/\/yoast.com\/wordpress\/plugins\/seo\/ -->\n<title>CCB by Daciano Da Costa | Jo\u00e3o Paulo Martins | Daciano da Costa<\/title>\n<meta name=\"robots\" content=\"index, follow, max-snippet:-1, max-image-preview:large, max-video-preview:-1\" \/>\n<link rel=\"canonical\" href=\"https:\/\/shop.dacianodacosta.pt\/pt\/produto\/ccb-by-daciano-da-costa\/\" \/>\n<meta property=\"og:locale\" content=\"pt_PT\" \/>\n<meta property=\"og:type\" content=\"article\" \/>\n<meta property=\"og:title\" content=\"CCB by Daciano Da Costa | Jo\u00e3o Paulo Martins | Daciano da Costa\" \/>\n<meta property=\"og:description\" content=\"EQUIPMENT AND FURNITURE DESIGN (1993-2023)  Jo\u00e3o Paulo Martins  Publisher Tinta da China  Billingual edition. Presentation: El\u00edsio Summavielle NOVEMBER 2023 \u00a0| 200 \u00a0PP \u00a0| 27\u00d723 ISBN: 978\u2011989\u2011671\u2011788-9 &nbsp;\" \/>\n<meta property=\"og:url\" content=\"https:\/\/shop.dacianodacosta.pt\/pt\/produto\/ccb-by-daciano-da-costa\/\" \/>\n<meta property=\"og:site_name\" content=\"Daciano da Costa\" \/>\n<meta property=\"article:publisher\" content=\"https:\/\/www.facebook.com\/atelierdacianodacosta\/\" \/>\n<meta property=\"article:modified_time\" content=\"2025-11-26T16:56:52+00:00\" \/>\n<meta property=\"og:image\" content=\"https:\/\/shop.dacianodacosta.pt\/wp-content\/uploads\/2023\/10\/Untitled-17.png\" \/>\n\t<meta property=\"og:image:width\" content=\"1596\" \/>\n\t<meta property=\"og:image:height\" content=\"1500\" \/>\n\t<meta property=\"og:image:type\" content=\"image\/png\" \/>\n<meta name=\"twitter:card\" content=\"summary_large_image\" \/>\n<meta name=\"twitter:label1\" content=\"Tempo estimado de leitura\" \/>\n\t<meta name=\"twitter:data1\" content=\"1 minuto\" \/>\n<script type=\"application\/ld+json\" class=\"yoast-schema-graph\">{\"@context\":\"https:\/\/schema.org\",\"@graph\":[{\"@type\":\"WebPage\",\"@id\":\"https:\/\/shop.dacianodacosta.pt\/product\/ccb-by-daciano-da-costa\/\",\"url\":\"https:\/\/shop.dacianodacosta.pt\/product\/ccb-by-daciano-da-costa\/\",\"name\":\"CCB by Daciano Da Costa | Jo\u00e3o Paulo Martins | Daciano da Costa\",\"isPartOf\":{\"@id\":\"https:\/\/shop.dacianodacosta.pt\/#website\"},\"primaryImageOfPage\":{\"@id\":\"https:\/\/shop.dacianodacosta.pt\/product\/ccb-by-daciano-da-costa\/#primaryimage\"},\"image\":{\"@id\":\"https:\/\/shop.dacianodacosta.pt\/product\/ccb-by-daciano-da-costa\/#primaryimage\"},\"thumbnailUrl\":\"https:\/\/shop.dacianodacosta.pt\/wp-content\/uploads\/2023\/10\/Untitled-17.png\",\"datePublished\":\"2023-10-31T11:16:03+00:00\",\"dateModified\":\"2025-11-26T16:56:52+00:00\",\"breadcrumb\":{\"@id\":\"https:\/\/shop.dacianodacosta.pt\/product\/ccb-by-daciano-da-costa\/#breadcrumb\"},\"inLanguage\":\"pt-PT\",\"potentialAction\":[{\"@type\":\"ReadAction\",\"target\":[\"https:\/\/shop.dacianodacosta.pt\/product\/ccb-by-daciano-da-costa\/\"]}]},{\"@type\":\"ImageObject\",\"inLanguage\":\"pt-PT\",\"@id\":\"https:\/\/shop.dacianodacosta.pt\/product\/ccb-by-daciano-da-costa\/#primaryimage\",\"url\":\"https:\/\/shop.dacianodacosta.pt\/wp-content\/uploads\/2023\/10\/Untitled-17.png\",\"contentUrl\":\"https:\/\/shop.dacianodacosta.pt\/wp-content\/uploads\/2023\/10\/Untitled-17.png\",\"width\":1596,\"height\":1500},{\"@type\":\"BreadcrumbList\",\"@id\":\"https:\/\/shop.dacianodacosta.pt\/product\/ccb-by-daciano-da-costa\/#breadcrumb\",\"itemListElement\":[{\"@type\":\"ListItem\",\"position\":1,\"name\":\"Home\",\"item\":\"https:\/\/shop.dacianodacosta.pt\/\"},{\"@type\":\"ListItem\",\"position\":2,\"name\":\"Shop\",\"item\":\"https:\/\/shop.dacianodacosta.pt\/pt\/shop\/\"},{\"@type\":\"ListItem\",\"position\":3,\"name\":\"CCB by Daciano Da Costa | Jo\u00e3o Paulo Martins\"}]},{\"@type\":\"WebSite\",\"@id\":\"https:\/\/shop.dacianodacosta.pt\/#website\",\"url\":\"https:\/\/shop.dacianodacosta.pt\/\",\"name\":\"Daciano da Costa\",\"description\":\"Official Site\",\"publisher\":{\"@id\":\"https:\/\/shop.dacianodacosta.pt\/#organization\"},\"potentialAction\":[{\"@type\":\"SearchAction\",\"target\":{\"@type\":\"EntryPoint\",\"urlTemplate\":\"https:\/\/shop.dacianodacosta.pt\/?s={search_term_string}\"},\"query-input\":{\"@type\":\"PropertyValueSpecification\",\"valueRequired\":true,\"valueName\":\"search_term_string\"}}],\"inLanguage\":\"pt-PT\"},{\"@type\":\"Organization\",\"@id\":\"https:\/\/shop.dacianodacosta.pt\/#organization\",\"name\":\"Atelier Daciano Da Costa\",\"url\":\"https:\/\/shop.dacianodacosta.pt\/\",\"logo\":{\"@type\":\"ImageObject\",\"inLanguage\":\"pt-PT\",\"@id\":\"https:\/\/shop.dacianodacosta.pt\/#\/schema\/logo\/image\/\",\"url\":\"https:\/\/shop.dacianodacosta.pt\/wp-content\/uploads\/2021\/01\/Logo-1.png\",\"contentUrl\":\"https:\/\/shop.dacianodacosta.pt\/wp-content\/uploads\/2021\/01\/Logo-1.png\",\"width\":513,\"height\":513,\"caption\":\"Atelier Daciano Da Costa\"},\"image\":{\"@id\":\"https:\/\/shop.dacianodacosta.pt\/#\/schema\/logo\/image\/\"},\"sameAs\":[\"https:\/\/www.facebook.com\/atelierdacianodacosta\/\",\"https:\/\/www.instagram.com\/atelierdacianodacosta\/\"]}]}<\/script>\n<!-- \/ Yoast SEO plugin. -->","yoast_head_json":{"title":"CCB by Daciano Da Costa | Jo\u00e3o Paulo Martins | Daciano da Costa","robots":{"index":"index","follow":"follow","max-snippet":"max-snippet:-1","max-image-preview":"max-image-preview:large","max-video-preview":"max-video-preview:-1"},"canonical":"https:\/\/shop.dacianodacosta.pt\/pt\/produto\/ccb-by-daciano-da-costa\/","og_locale":"pt_PT","og_type":"article","og_title":"CCB by Daciano Da Costa | Jo\u00e3o Paulo Martins | Daciano da Costa","og_description":"EQUIPMENT AND FURNITURE DESIGN (1993-2023)  Jo\u00e3o Paulo Martins  Publisher Tinta da China  Billingual edition. Presentation: El\u00edsio Summavielle NOVEMBER 2023 \u00a0| 200 \u00a0PP \u00a0| 27\u00d723 ISBN: 978\u2011989\u2011671\u2011788-9 &nbsp;","og_url":"https:\/\/shop.dacianodacosta.pt\/pt\/produto\/ccb-by-daciano-da-costa\/","og_site_name":"Daciano da Costa","article_publisher":"https:\/\/www.facebook.com\/atelierdacianodacosta\/","article_modified_time":"2025-11-26T16:56:52+00:00","og_image":[{"width":1596,"height":1500,"url":"https:\/\/shop.dacianodacosta.pt\/wp-content\/uploads\/2023\/10\/Untitled-17.png","type":"image\/png"}],"twitter_card":"summary_large_image","twitter_misc":{"Tempo estimado de leitura":"1 minuto"},"schema":{"@context":"https:\/\/schema.org","@graph":[{"@type":"WebPage","@id":"https:\/\/shop.dacianodacosta.pt\/product\/ccb-by-daciano-da-costa\/","url":"https:\/\/shop.dacianodacosta.pt\/product\/ccb-by-daciano-da-costa\/","name":"CCB by Daciano Da Costa | Jo\u00e3o Paulo Martins | Daciano da Costa","isPartOf":{"@id":"https:\/\/shop.dacianodacosta.pt\/#website"},"primaryImageOfPage":{"@id":"https:\/\/shop.dacianodacosta.pt\/product\/ccb-by-daciano-da-costa\/#primaryimage"},"image":{"@id":"https:\/\/shop.dacianodacosta.pt\/product\/ccb-by-daciano-da-costa\/#primaryimage"},"thumbnailUrl":"https:\/\/shop.dacianodacosta.pt\/wp-content\/uploads\/2023\/10\/Untitled-17.png","datePublished":"2023-10-31T11:16:03+00:00","dateModified":"2025-11-26T16:56:52+00:00","breadcrumb":{"@id":"https:\/\/shop.dacianodacosta.pt\/product\/ccb-by-daciano-da-costa\/#breadcrumb"},"inLanguage":"pt-PT","potentialAction":[{"@type":"ReadAction","target":["https:\/\/shop.dacianodacosta.pt\/product\/ccb-by-daciano-da-costa\/"]}]},{"@type":"ImageObject","inLanguage":"pt-PT","@id":"https:\/\/shop.dacianodacosta.pt\/product\/ccb-by-daciano-da-costa\/#primaryimage","url":"https:\/\/shop.dacianodacosta.pt\/wp-content\/uploads\/2023\/10\/Untitled-17.png","contentUrl":"https:\/\/shop.dacianodacosta.pt\/wp-content\/uploads\/2023\/10\/Untitled-17.png","width":1596,"height":1500},{"@type":"BreadcrumbList","@id":"https:\/\/shop.dacianodacosta.pt\/product\/ccb-by-daciano-da-costa\/#breadcrumb","itemListElement":[{"@type":"ListItem","position":1,"name":"Home","item":"https:\/\/shop.dacianodacosta.pt\/"},{"@type":"ListItem","position":2,"name":"Shop","item":"https:\/\/shop.dacianodacosta.pt\/pt\/shop\/"},{"@type":"ListItem","position":3,"name":"CCB by Daciano Da Costa | Jo\u00e3o Paulo Martins"}]},{"@type":"WebSite","@id":"https:\/\/shop.dacianodacosta.pt\/#website","url":"https:\/\/shop.dacianodacosta.pt\/","name":"Daciano da Costa","description":"Official Site","publisher":{"@id":"https:\/\/shop.dacianodacosta.pt\/#organization"},"potentialAction":[{"@type":"SearchAction","target":{"@type":"EntryPoint","urlTemplate":"https:\/\/shop.dacianodacosta.pt\/?s={search_term_string}"},"query-input":{"@type":"PropertyValueSpecification","valueRequired":true,"valueName":"search_term_string"}}],"inLanguage":"pt-PT"},{"@type":"Organization","@id":"https:\/\/shop.dacianodacosta.pt\/#organization","name":"Atelier Daciano Da Costa","url":"https:\/\/shop.dacianodacosta.pt\/","logo":{"@type":"ImageObject","inLanguage":"pt-PT","@id":"https:\/\/shop.dacianodacosta.pt\/#\/schema\/logo\/image\/","url":"https:\/\/shop.dacianodacosta.pt\/wp-content\/uploads\/2021\/01\/Logo-1.png","contentUrl":"https:\/\/shop.dacianodacosta.pt\/wp-content\/uploads\/2021\/01\/Logo-1.png","width":513,"height":513,"caption":"Atelier Daciano Da Costa"},"image":{"@id":"https:\/\/shop.dacianodacosta.pt\/#\/schema\/logo\/image\/"},"sameAs":["https:\/\/www.facebook.com\/atelierdacianodacosta\/","https:\/\/www.instagram.com\/atelierdacianodacosta\/"]}]}},"_links":{"self":[{"href":"https:\/\/shop.dacianodacosta.pt\/pt\/wp-json\/wp\/v2\/product\/4402","targetHints":{"allow":["GET"]}}],"collection":[{"href":"https:\/\/shop.dacianodacosta.pt\/pt\/wp-json\/wp\/v2\/product"}],"about":[{"href":"https:\/\/shop.dacianodacosta.pt\/pt\/wp-json\/wp\/v2\/types\/product"}],"wp:featuredmedia":[{"embeddable":true,"href":"https:\/\/shop.dacianodacosta.pt\/pt\/wp-json\/wp\/v2\/media\/4407"}],"wp:attachment":[{"href":"https:\/\/shop.dacianodacosta.pt\/pt\/wp-json\/wp\/v2\/media?parent=4402"}],"wp:term":[{"taxonomy":"product_cat","embeddable":true,"href":"https:\/\/shop.dacianodacosta.pt\/pt\/wp-json\/wp\/v2\/product_cat?post=4402"},{"taxonomy":"product_tag","embeddable":true,"href":"https:\/\/shop.dacianodacosta.pt\/pt\/wp-json\/wp\/v2\/product_tag?post=4402"}],"curies":[{"name":"wp","href":"https:\/\/api.w.org\/{rel}","templated":true}]}}