{"id":4614,"date":"2024-05-08T12:59:10","date_gmt":"2024-05-08T12:59:10","guid":{"rendered":"https:\/\/shop.dacianodacosta.pt\/?post_type=product&#038;p=4614"},"modified":"2025-11-26T16:40:39","modified_gmt":"2025-11-26T16:40:39","slug":"woman-tile-daciano-student","status":"publish","type":"product","link":"https:\/\/shop.dacianodacosta.pt\/pt\/produto\/woman-tile-daciano-student\/","title":{"rendered":"Azulejo Figura Feminina | Daciano, Estudante"},"content":{"rendered":"<p><span style=\"font-weight: 400;\">No \u00e2mbito do projeto de valoriza\u00e7\u00e3o da obra de Daciano da Costa, o <\/span><span style=\"font-weight: 400;\">Atelier Daciano da Costa <\/span><span style=\"font-weight: 400;\">elecionou alguns desenhos originais do seu arquivo pessoal. Come\u00e7amos por disponibilizar dois desenhos de 1947, quando Daciano tinha 17 anos e estudava na Escola de Artes Decorativas Ant\u00f3nio Arroio, agora transformados numa s\u00e9rie limitada de azulejos. <\/span><\/p>","protected":false},"excerpt":{"rendered":"<div class=\"page\" title=\"Page 1\">\n<div class=\"layoutArea\">\n<div class=\"column\">\n<p>Daciano da Costa (1930 \u2013 \u00a02005)<\/p>\n<p>Ano | 1947<\/p>\n<p>Dimens\u00f5es | 140 x 140 mm<\/p>\n<p>T\u00e9cnica | Serigrafia Azulejo<\/p>\n<p>Fabricado em Portugal<\/p>\n<\/div>\n<\/div>\n<\/div>","protected":false},"featured_media":4625,"template":"","meta":[],"product_cat":[145,178],"product_tag":[315],"class_list":{"0":"post-4614","1":"product","2":"type-product","3":"status-publish","4":"has-post-thumbnail","6":"product_cat-objects","7":"product_cat-prints","8":"product_tag-presente","9":"product_shipping_class-publications","11":"first","12":"instock","13":"shipping-taxable","14":"purchasable","15":"product-type-simple"},"yoast_head":"<!-- This site is optimized with the Yoast SEO plugin v24.0 - https:\/\/yoast.com\/wordpress\/plugins\/seo\/ -->\n<title>Woman Tile | Daciano Student | Daciano da Costa<\/title>\n<meta name=\"robots\" content=\"index, follow, max-snippet:-1, max-image-preview:large, max-video-preview:-1\" \/>\n<link rel=\"canonical\" href=\"https:\/\/shop.dacianodacosta.pt\/pt\/produto\/woman-tile-daciano-student\/\" \/>\n<meta property=\"og:locale\" content=\"pt_PT\" \/>\n<meta property=\"og:type\" content=\"article\" \/>\n<meta property=\"og:title\" content=\"Woman Tile | Daciano Student | Daciano da Costa\" \/>\n<meta property=\"og:description\" content=\"Daciano da Costa (1930 \u2013 \u00a02005)  Year | 1947  Dimension | 140 x 140 mm  Suport |\u00a0Printing Tile  Made in Portugal\" \/>\n<meta property=\"og:url\" content=\"https:\/\/shop.dacianodacosta.pt\/pt\/produto\/woman-tile-daciano-student\/\" \/>\n<meta property=\"og:site_name\" content=\"Daciano da Costa\" \/>\n<meta property=\"article:publisher\" content=\"https:\/\/www.facebook.com\/atelierdacianodacosta\/\" \/>\n<meta property=\"article:modified_time\" content=\"2025-11-26T16:40:39+00:00\" \/>\n<meta property=\"og:image\" content=\"https:\/\/shop.dacianodacosta.pt\/wp-content\/uploads\/2024\/05\/azulejos-03-1024x1024.png\" \/>\n\t<meta property=\"og:image:width\" content=\"1024\" \/>\n\t<meta property=\"og:image:height\" content=\"1024\" \/>\n\t<meta property=\"og:image:type\" content=\"image\/png\" \/>\n<meta name=\"twitter:card\" content=\"summary_large_image\" \/>\n<meta name=\"twitter:label1\" content=\"Tempo estimado de leitura\" \/>\n\t<meta name=\"twitter:data1\" content=\"1 minuto\" \/>\n<script type=\"application\/ld+json\" class=\"yoast-schema-graph\">{\"@context\":\"https:\/\/schema.org\",\"@graph\":[{\"@type\":\"WebPage\",\"@id\":\"https:\/\/shop.dacianodacosta.pt\/product\/woman-tile-daciano-student\/\",\"url\":\"https:\/\/shop.dacianodacosta.pt\/product\/woman-tile-daciano-student\/\",\"name\":\"Woman Tile | Daciano Student | Daciano da Costa\",\"isPartOf\":{\"@id\":\"https:\/\/shop.dacianodacosta.pt\/#website\"},\"primaryImageOfPage\":{\"@id\":\"https:\/\/shop.dacianodacosta.pt\/product\/woman-tile-daciano-student\/#primaryimage\"},\"image\":{\"@id\":\"https:\/\/shop.dacianodacosta.pt\/product\/woman-tile-daciano-student\/#primaryimage\"},\"thumbnailUrl\":\"https:\/\/shop.dacianodacosta.pt\/wp-content\/uploads\/2024\/05\/azulejos-03.png\",\"datePublished\":\"2024-05-08T12:59:10+00:00\",\"dateModified\":\"2025-11-26T16:40:39+00:00\",\"breadcrumb\":{\"@id\":\"https:\/\/shop.dacianodacosta.pt\/product\/woman-tile-daciano-student\/#breadcrumb\"},\"inLanguage\":\"pt-PT\",\"potentialAction\":[{\"@type\":\"ReadAction\",\"target\":[\"https:\/\/shop.dacianodacosta.pt\/product\/woman-tile-daciano-student\/\"]}]},{\"@type\":\"ImageObject\",\"inLanguage\":\"pt-PT\",\"@id\":\"https:\/\/shop.dacianodacosta.pt\/product\/woman-tile-daciano-student\/#primaryimage\",\"url\":\"https:\/\/shop.dacianodacosta.pt\/wp-content\/uploads\/2024\/05\/azulejos-03.png\",\"contentUrl\":\"https:\/\/shop.dacianodacosta.pt\/wp-content\/uploads\/2024\/05\/azulejos-03.png\",\"width\":6947,\"height\":6946},{\"@type\":\"BreadcrumbList\",\"@id\":\"https:\/\/shop.dacianodacosta.pt\/product\/woman-tile-daciano-student\/#breadcrumb\",\"itemListElement\":[{\"@type\":\"ListItem\",\"position\":1,\"name\":\"Home\",\"item\":\"https:\/\/shop.dacianodacosta.pt\/\"},{\"@type\":\"ListItem\",\"position\":2,\"name\":\"Shop\",\"item\":\"https:\/\/shop.dacianodacosta.pt\/pt\/shop\/\"},{\"@type\":\"ListItem\",\"position\":3,\"name\":\"Woman Tile | Daciano Student\"}]},{\"@type\":\"WebSite\",\"@id\":\"https:\/\/shop.dacianodacosta.pt\/#website\",\"url\":\"https:\/\/shop.dacianodacosta.pt\/\",\"name\":\"Daciano da Costa\",\"description\":\"Official Site\",\"publisher\":{\"@id\":\"https:\/\/shop.dacianodacosta.pt\/#organization\"},\"potentialAction\":[{\"@type\":\"SearchAction\",\"target\":{\"@type\":\"EntryPoint\",\"urlTemplate\":\"https:\/\/shop.dacianodacosta.pt\/?s={search_term_string}\"},\"query-input\":{\"@type\":\"PropertyValueSpecification\",\"valueRequired\":true,\"valueName\":\"search_term_string\"}}],\"inLanguage\":\"pt-PT\"},{\"@type\":\"Organization\",\"@id\":\"https:\/\/shop.dacianodacosta.pt\/#organization\",\"name\":\"Atelier Daciano Da Costa\",\"url\":\"https:\/\/shop.dacianodacosta.pt\/\",\"logo\":{\"@type\":\"ImageObject\",\"inLanguage\":\"pt-PT\",\"@id\":\"https:\/\/shop.dacianodacosta.pt\/#\/schema\/logo\/image\/\",\"url\":\"https:\/\/shop.dacianodacosta.pt\/wp-content\/uploads\/2021\/01\/Logo-1.png\",\"contentUrl\":\"https:\/\/shop.dacianodacosta.pt\/wp-content\/uploads\/2021\/01\/Logo-1.png\",\"width\":513,\"height\":513,\"caption\":\"Atelier Daciano Da Costa\"},\"image\":{\"@id\":\"https:\/\/shop.dacianodacosta.pt\/#\/schema\/logo\/image\/\"},\"sameAs\":[\"https:\/\/www.facebook.com\/atelierdacianodacosta\/\",\"https:\/\/www.instagram.com\/atelierdacianodacosta\/\"]}]}<\/script>\n<!-- \/ Yoast SEO plugin. -->","yoast_head_json":{"title":"Woman Tile | Daciano Student | Daciano da Costa","robots":{"index":"index","follow":"follow","max-snippet":"max-snippet:-1","max-image-preview":"max-image-preview:large","max-video-preview":"max-video-preview:-1"},"canonical":"https:\/\/shop.dacianodacosta.pt\/pt\/produto\/woman-tile-daciano-student\/","og_locale":"pt_PT","og_type":"article","og_title":"Woman Tile | Daciano Student | Daciano da Costa","og_description":"Daciano da Costa (1930 \u2013 \u00a02005)  Year | 1947  Dimension | 140 x 140 mm  Suport |\u00a0Printing Tile  Made in Portugal","og_url":"https:\/\/shop.dacianodacosta.pt\/pt\/produto\/woman-tile-daciano-student\/","og_site_name":"Daciano da Costa","article_publisher":"https:\/\/www.facebook.com\/atelierdacianodacosta\/","article_modified_time":"2025-11-26T16:40:39+00:00","og_image":[{"width":1024,"height":1024,"url":"https:\/\/shop.dacianodacosta.pt\/wp-content\/uploads\/2024\/05\/azulejos-03-1024x1024.png","type":"image\/png"}],"twitter_card":"summary_large_image","twitter_misc":{"Tempo estimado de leitura":"1 minuto"},"schema":{"@context":"https:\/\/schema.org","@graph":[{"@type":"WebPage","@id":"https:\/\/shop.dacianodacosta.pt\/product\/woman-tile-daciano-student\/","url":"https:\/\/shop.dacianodacosta.pt\/product\/woman-tile-daciano-student\/","name":"Woman Tile | Daciano Student | Daciano da Costa","isPartOf":{"@id":"https:\/\/shop.dacianodacosta.pt\/#website"},"primaryImageOfPage":{"@id":"https:\/\/shop.dacianodacosta.pt\/product\/woman-tile-daciano-student\/#primaryimage"},"image":{"@id":"https:\/\/shop.dacianodacosta.pt\/product\/woman-tile-daciano-student\/#primaryimage"},"thumbnailUrl":"https:\/\/shop.dacianodacosta.pt\/wp-content\/uploads\/2024\/05\/azulejos-03.png","datePublished":"2024-05-08T12:59:10+00:00","dateModified":"2025-11-26T16:40:39+00:00","breadcrumb":{"@id":"https:\/\/shop.dacianodacosta.pt\/product\/woman-tile-daciano-student\/#breadcrumb"},"inLanguage":"pt-PT","potentialAction":[{"@type":"ReadAction","target":["https:\/\/shop.dacianodacosta.pt\/product\/woman-tile-daciano-student\/"]}]},{"@type":"ImageObject","inLanguage":"pt-PT","@id":"https:\/\/shop.dacianodacosta.pt\/product\/woman-tile-daciano-student\/#primaryimage","url":"https:\/\/shop.dacianodacosta.pt\/wp-content\/uploads\/2024\/05\/azulejos-03.png","contentUrl":"https:\/\/shop.dacianodacosta.pt\/wp-content\/uploads\/2024\/05\/azulejos-03.png","width":6947,"height":6946},{"@type":"BreadcrumbList","@id":"https:\/\/shop.dacianodacosta.pt\/product\/woman-tile-daciano-student\/#breadcrumb","itemListElement":[{"@type":"ListItem","position":1,"name":"Home","item":"https:\/\/shop.dacianodacosta.pt\/"},{"@type":"ListItem","position":2,"name":"Shop","item":"https:\/\/shop.dacianodacosta.pt\/pt\/shop\/"},{"@type":"ListItem","position":3,"name":"Woman Tile | Daciano Student"}]},{"@type":"WebSite","@id":"https:\/\/shop.dacianodacosta.pt\/#website","url":"https:\/\/shop.dacianodacosta.pt\/","name":"Daciano da Costa","description":"Official Site","publisher":{"@id":"https:\/\/shop.dacianodacosta.pt\/#organization"},"potentialAction":[{"@type":"SearchAction","target":{"@type":"EntryPoint","urlTemplate":"https:\/\/shop.dacianodacosta.pt\/?s={search_term_string}"},"query-input":{"@type":"PropertyValueSpecification","valueRequired":true,"valueName":"search_term_string"}}],"inLanguage":"pt-PT"},{"@type":"Organization","@id":"https:\/\/shop.dacianodacosta.pt\/#organization","name":"Atelier Daciano Da Costa","url":"https:\/\/shop.dacianodacosta.pt\/","logo":{"@type":"ImageObject","inLanguage":"pt-PT","@id":"https:\/\/shop.dacianodacosta.pt\/#\/schema\/logo\/image\/","url":"https:\/\/shop.dacianodacosta.pt\/wp-content\/uploads\/2021\/01\/Logo-1.png","contentUrl":"https:\/\/shop.dacianodacosta.pt\/wp-content\/uploads\/2021\/01\/Logo-1.png","width":513,"height":513,"caption":"Atelier Daciano Da Costa"},"image":{"@id":"https:\/\/shop.dacianodacosta.pt\/#\/schema\/logo\/image\/"},"sameAs":["https:\/\/www.facebook.com\/atelierdacianodacosta\/","https:\/\/www.instagram.com\/atelierdacianodacosta\/"]}]}},"_links":{"self":[{"href":"https:\/\/shop.dacianodacosta.pt\/pt\/wp-json\/wp\/v2\/product\/4614","targetHints":{"allow":["GET"]}}],"collection":[{"href":"https:\/\/shop.dacianodacosta.pt\/pt\/wp-json\/wp\/v2\/product"}],"about":[{"href":"https:\/\/shop.dacianodacosta.pt\/pt\/wp-json\/wp\/v2\/types\/product"}],"wp:featuredmedia":[{"embeddable":true,"href":"https:\/\/shop.dacianodacosta.pt\/pt\/wp-json\/wp\/v2\/media\/4625"}],"wp:attachment":[{"href":"https:\/\/shop.dacianodacosta.pt\/pt\/wp-json\/wp\/v2\/media?parent=4614"}],"wp:term":[{"taxonomy":"product_cat","embeddable":true,"href":"https:\/\/shop.dacianodacosta.pt\/pt\/wp-json\/wp\/v2\/product_cat?post=4614"},{"taxonomy":"product_tag","embeddable":true,"href":"https:\/\/shop.dacianodacosta.pt\/pt\/wp-json\/wp\/v2\/product_tag?post=4614"}],"curies":[{"name":"wp","href":"https:\/\/api.w.org\/{rel}","templated":true}]}}