{"id":4673,"date":"2024-11-18T10:57:26","date_gmt":"2024-11-18T10:57:26","guid":{"rendered":"https:\/\/shop.dacianodacosta.pt\/?post_type=product&#038;p=4673"},"modified":"2026-03-03T09:32:00","modified_gmt":"2026-03-03T09:32:00","slug":"plaisance-oleron-france-beach-travel-sketches","status":"publish","type":"product","link":"https:\/\/shop.dacianodacosta.pt\/pt\/produto\/plaisance-oleron-france-beach-travel-sketches\/","title":{"rendered":"Plaisance (Oleron), Fran\u00e7a | Praia | Croquis de Viagem"},"content":{"rendered":"<p class=\" translation-block\">Como parte do projeto de valoriza\u00e7\u00e3o da obra de Daciano da Costa, selecion\u00e1mos alguns desenhos originais. Ap\u00f3s o lan\u00e7amento da edi\u00e7\u00e3o Daciano Estudante, O Impostor Geral e a primeira parte da cole\u00e7\u00e3o Croquis de Viagem, trazemos os desenhos originais das viagens de Daciano da Costa a Plaisance (Oleron), em Fran\u00e7a , em 1991<\/p>\n<p class=\" translation-block\">Nesta edi\u00e7\u00e3o de Croquis de Viagem, apresentamos 2 desenhos da Praia de Plaisance, Fran\u00e7a. Edi\u00e7\u00e3o limitada de 100 exemplares cada.<\/p>","protected":false},"excerpt":{"rendered":"<p>Daciano da Costa (1930 &#8211; \u00a02005)<\/p>\n<p>Ano | 1991<\/p>\n<p>Dimens\u00f5es | 210 x 297 mm<\/p>\n<p>Material | Fine Art Hahnemuhle<\/p>\n<p>William Turner 310 g<\/p>\n<p>100% Algod\u00e3o<\/p>\n<p>T\u00e9cnica | Serigrafia Digital<\/p>\n<p>Fabricado em Portugal<\/p>","protected":false},"featured_media":4692,"template":"","meta":[],"product_cat":[178],"product_tag":[315],"class_list":{"0":"post-4673","1":"product","2":"type-product","3":"status-publish","4":"has-post-thumbnail","6":"product_cat-prints","7":"product_tag-presente","8":"product_shipping_class-poster","10":"first","11":"instock","12":"shipping-taxable","13":"purchasable","14":"product-type-simple"},"yoast_head":"<!-- This site is optimized with the Yoast SEO plugin v24.0 - https:\/\/yoast.com\/wordpress\/plugins\/seo\/ -->\n<title>Plaisance (Oleron), France | Beach | Travel sketches | Daciano da Costa<\/title>\n<meta name=\"robots\" content=\"index, follow, max-snippet:-1, max-image-preview:large, max-video-preview:-1\" \/>\n<link rel=\"canonical\" href=\"https:\/\/shop.dacianodacosta.pt\/pt\/produto\/plaisance-oleron-france-beach-travel-sketches\/\" \/>\n<meta property=\"og:locale\" content=\"pt_PT\" \/>\n<meta property=\"og:type\" content=\"article\" \/>\n<meta property=\"og:title\" content=\"Plaisance (Oleron), France | Beach | Travel sketches | Daciano da Costa\" \/>\n<meta property=\"og:description\" content=\"Daciano da Costa (1930 - \u00a02005)  Year | 1991  Dimension | 297 x 210 mm  Suport | Fine Art Hahnemuhle  William Turner 310 g  100% Cotton  Technique | Digital screen printing  Made in Portugal\" \/>\n<meta property=\"og:url\" content=\"https:\/\/shop.dacianodacosta.pt\/pt\/produto\/plaisance-oleron-france-beach-travel-sketches\/\" \/>\n<meta property=\"og:site_name\" content=\"Daciano da Costa\" \/>\n<meta property=\"article:publisher\" content=\"https:\/\/www.facebook.com\/atelierdacianodacosta\/\" \/>\n<meta property=\"article:modified_time\" content=\"2026-03-03T09:32:00+00:00\" \/>\n<meta property=\"og:image\" content=\"https:\/\/shop.dacianodacosta.pt\/wp-content\/uploads\/2024\/11\/S.DCV_.06-Praia_-1024x724.png\" \/>\n\t<meta property=\"og:image:width\" content=\"1024\" \/>\n\t<meta property=\"og:image:height\" content=\"724\" \/>\n\t<meta property=\"og:image:type\" content=\"image\/png\" \/>\n<meta name=\"twitter:card\" content=\"summary_large_image\" \/>\n<meta name=\"twitter:label1\" content=\"Tempo estimado de leitura\" \/>\n\t<meta name=\"twitter:data1\" content=\"1 minuto\" \/>\n<script type=\"application\/ld+json\" class=\"yoast-schema-graph\">{\"@context\":\"https:\/\/schema.org\",\"@graph\":[{\"@type\":\"WebPage\",\"@id\":\"https:\/\/shop.dacianodacosta.pt\/product\/plaisance-oleron-france-beach-travel-sketches\/\",\"url\":\"https:\/\/shop.dacianodacosta.pt\/product\/plaisance-oleron-france-beach-travel-sketches\/\",\"name\":\"Plaisance (Oleron), France | Beach | Travel sketches | Daciano da Costa\",\"isPartOf\":{\"@id\":\"https:\/\/shop.dacianodacosta.pt\/#website\"},\"primaryImageOfPage\":{\"@id\":\"https:\/\/shop.dacianodacosta.pt\/product\/plaisance-oleron-france-beach-travel-sketches\/#primaryimage\"},\"image\":{\"@id\":\"https:\/\/shop.dacianodacosta.pt\/product\/plaisance-oleron-france-beach-travel-sketches\/#primaryimage\"},\"thumbnailUrl\":\"https:\/\/shop.dacianodacosta.pt\/wp-content\/uploads\/2024\/11\/S.DCV_.06-Praia_.png\",\"datePublished\":\"2024-11-18T10:57:26+00:00\",\"dateModified\":\"2026-03-03T09:32:00+00:00\",\"breadcrumb\":{\"@id\":\"https:\/\/shop.dacianodacosta.pt\/product\/plaisance-oleron-france-beach-travel-sketches\/#breadcrumb\"},\"inLanguage\":\"pt-PT\",\"potentialAction\":[{\"@type\":\"ReadAction\",\"target\":[\"https:\/\/shop.dacianodacosta.pt\/product\/plaisance-oleron-france-beach-travel-sketches\/\"]}]},{\"@type\":\"ImageObject\",\"inLanguage\":\"pt-PT\",\"@id\":\"https:\/\/shop.dacianodacosta.pt\/product\/plaisance-oleron-france-beach-travel-sketches\/#primaryimage\",\"url\":\"https:\/\/shop.dacianodacosta.pt\/wp-content\/uploads\/2024\/11\/S.DCV_.06-Praia_.png\",\"contentUrl\":\"https:\/\/shop.dacianodacosta.pt\/wp-content\/uploads\/2024\/11\/S.DCV_.06-Praia_.png\",\"width\":3508,\"height\":2480},{\"@type\":\"BreadcrumbList\",\"@id\":\"https:\/\/shop.dacianodacosta.pt\/product\/plaisance-oleron-france-beach-travel-sketches\/#breadcrumb\",\"itemListElement\":[{\"@type\":\"ListItem\",\"position\":1,\"name\":\"Home\",\"item\":\"https:\/\/shop.dacianodacosta.pt\/\"},{\"@type\":\"ListItem\",\"position\":2,\"name\":\"Shop\",\"item\":\"https:\/\/shop.dacianodacosta.pt\/pt\/shop\/\"},{\"@type\":\"ListItem\",\"position\":3,\"name\":\"Plaisance (Oleron), France | Beach | Travel sketches\"}]},{\"@type\":\"WebSite\",\"@id\":\"https:\/\/shop.dacianodacosta.pt\/#website\",\"url\":\"https:\/\/shop.dacianodacosta.pt\/\",\"name\":\"Daciano da Costa\",\"description\":\"Official Site\",\"publisher\":{\"@id\":\"https:\/\/shop.dacianodacosta.pt\/#organization\"},\"potentialAction\":[{\"@type\":\"SearchAction\",\"target\":{\"@type\":\"EntryPoint\",\"urlTemplate\":\"https:\/\/shop.dacianodacosta.pt\/?s={search_term_string}\"},\"query-input\":{\"@type\":\"PropertyValueSpecification\",\"valueRequired\":true,\"valueName\":\"search_term_string\"}}],\"inLanguage\":\"pt-PT\"},{\"@type\":\"Organization\",\"@id\":\"https:\/\/shop.dacianodacosta.pt\/#organization\",\"name\":\"Atelier Daciano Da Costa\",\"url\":\"https:\/\/shop.dacianodacosta.pt\/\",\"logo\":{\"@type\":\"ImageObject\",\"inLanguage\":\"pt-PT\",\"@id\":\"https:\/\/shop.dacianodacosta.pt\/#\/schema\/logo\/image\/\",\"url\":\"https:\/\/shop.dacianodacosta.pt\/wp-content\/uploads\/2021\/01\/Logo-1.png\",\"contentUrl\":\"https:\/\/shop.dacianodacosta.pt\/wp-content\/uploads\/2021\/01\/Logo-1.png\",\"width\":513,\"height\":513,\"caption\":\"Atelier Daciano Da Costa\"},\"image\":{\"@id\":\"https:\/\/shop.dacianodacosta.pt\/#\/schema\/logo\/image\/\"},\"sameAs\":[\"https:\/\/www.facebook.com\/atelierdacianodacosta\/\",\"https:\/\/www.instagram.com\/atelierdacianodacosta\/\"]}]}<\/script>\n<!-- \/ Yoast SEO plugin. -->","yoast_head_json":{"title":"Plaisance (Oleron), France | Beach | Travel sketches | Daciano da Costa","robots":{"index":"index","follow":"follow","max-snippet":"max-snippet:-1","max-image-preview":"max-image-preview:large","max-video-preview":"max-video-preview:-1"},"canonical":"https:\/\/shop.dacianodacosta.pt\/pt\/produto\/plaisance-oleron-france-beach-travel-sketches\/","og_locale":"pt_PT","og_type":"article","og_title":"Plaisance (Oleron), France | Beach | Travel sketches | Daciano da Costa","og_description":"Daciano da Costa (1930 - \u00a02005)  Year | 1991  Dimension | 297 x 210 mm  Suport | Fine Art Hahnemuhle  William Turner 310 g  100% Cotton  Technique | Digital screen printing  Made in Portugal","og_url":"https:\/\/shop.dacianodacosta.pt\/pt\/produto\/plaisance-oleron-france-beach-travel-sketches\/","og_site_name":"Daciano da Costa","article_publisher":"https:\/\/www.facebook.com\/atelierdacianodacosta\/","article_modified_time":"2026-03-03T09:32:00+00:00","og_image":[{"width":1024,"height":724,"url":"https:\/\/shop.dacianodacosta.pt\/wp-content\/uploads\/2024\/11\/S.DCV_.06-Praia_-1024x724.png","type":"image\/png"}],"twitter_card":"summary_large_image","twitter_misc":{"Tempo estimado de leitura":"1 minuto"},"schema":{"@context":"https:\/\/schema.org","@graph":[{"@type":"WebPage","@id":"https:\/\/shop.dacianodacosta.pt\/product\/plaisance-oleron-france-beach-travel-sketches\/","url":"https:\/\/shop.dacianodacosta.pt\/product\/plaisance-oleron-france-beach-travel-sketches\/","name":"Plaisance (Oleron), France | Beach | Travel sketches | Daciano da Costa","isPartOf":{"@id":"https:\/\/shop.dacianodacosta.pt\/#website"},"primaryImageOfPage":{"@id":"https:\/\/shop.dacianodacosta.pt\/product\/plaisance-oleron-france-beach-travel-sketches\/#primaryimage"},"image":{"@id":"https:\/\/shop.dacianodacosta.pt\/product\/plaisance-oleron-france-beach-travel-sketches\/#primaryimage"},"thumbnailUrl":"https:\/\/shop.dacianodacosta.pt\/wp-content\/uploads\/2024\/11\/S.DCV_.06-Praia_.png","datePublished":"2024-11-18T10:57:26+00:00","dateModified":"2026-03-03T09:32:00+00:00","breadcrumb":{"@id":"https:\/\/shop.dacianodacosta.pt\/product\/plaisance-oleron-france-beach-travel-sketches\/#breadcrumb"},"inLanguage":"pt-PT","potentialAction":[{"@type":"ReadAction","target":["https:\/\/shop.dacianodacosta.pt\/product\/plaisance-oleron-france-beach-travel-sketches\/"]}]},{"@type":"ImageObject","inLanguage":"pt-PT","@id":"https:\/\/shop.dacianodacosta.pt\/product\/plaisance-oleron-france-beach-travel-sketches\/#primaryimage","url":"https:\/\/shop.dacianodacosta.pt\/wp-content\/uploads\/2024\/11\/S.DCV_.06-Praia_.png","contentUrl":"https:\/\/shop.dacianodacosta.pt\/wp-content\/uploads\/2024\/11\/S.DCV_.06-Praia_.png","width":3508,"height":2480},{"@type":"BreadcrumbList","@id":"https:\/\/shop.dacianodacosta.pt\/product\/plaisance-oleron-france-beach-travel-sketches\/#breadcrumb","itemListElement":[{"@type":"ListItem","position":1,"name":"Home","item":"https:\/\/shop.dacianodacosta.pt\/"},{"@type":"ListItem","position":2,"name":"Shop","item":"https:\/\/shop.dacianodacosta.pt\/pt\/shop\/"},{"@type":"ListItem","position":3,"name":"Plaisance (Oleron), France | Beach | Travel sketches"}]},{"@type":"WebSite","@id":"https:\/\/shop.dacianodacosta.pt\/#website","url":"https:\/\/shop.dacianodacosta.pt\/","name":"Daciano da Costa","description":"Official Site","publisher":{"@id":"https:\/\/shop.dacianodacosta.pt\/#organization"},"potentialAction":[{"@type":"SearchAction","target":{"@type":"EntryPoint","urlTemplate":"https:\/\/shop.dacianodacosta.pt\/?s={search_term_string}"},"query-input":{"@type":"PropertyValueSpecification","valueRequired":true,"valueName":"search_term_string"}}],"inLanguage":"pt-PT"},{"@type":"Organization","@id":"https:\/\/shop.dacianodacosta.pt\/#organization","name":"Atelier Daciano Da Costa","url":"https:\/\/shop.dacianodacosta.pt\/","logo":{"@type":"ImageObject","inLanguage":"pt-PT","@id":"https:\/\/shop.dacianodacosta.pt\/#\/schema\/logo\/image\/","url":"https:\/\/shop.dacianodacosta.pt\/wp-content\/uploads\/2021\/01\/Logo-1.png","contentUrl":"https:\/\/shop.dacianodacosta.pt\/wp-content\/uploads\/2021\/01\/Logo-1.png","width":513,"height":513,"caption":"Atelier Daciano Da Costa"},"image":{"@id":"https:\/\/shop.dacianodacosta.pt\/#\/schema\/logo\/image\/"},"sameAs":["https:\/\/www.facebook.com\/atelierdacianodacosta\/","https:\/\/www.instagram.com\/atelierdacianodacosta\/"]}]}},"_links":{"self":[{"href":"https:\/\/shop.dacianodacosta.pt\/pt\/wp-json\/wp\/v2\/product\/4673","targetHints":{"allow":["GET"]}}],"collection":[{"href":"https:\/\/shop.dacianodacosta.pt\/pt\/wp-json\/wp\/v2\/product"}],"about":[{"href":"https:\/\/shop.dacianodacosta.pt\/pt\/wp-json\/wp\/v2\/types\/product"}],"wp:featuredmedia":[{"embeddable":true,"href":"https:\/\/shop.dacianodacosta.pt\/pt\/wp-json\/wp\/v2\/media\/4692"}],"wp:attachment":[{"href":"https:\/\/shop.dacianodacosta.pt\/pt\/wp-json\/wp\/v2\/media?parent=4673"}],"wp:term":[{"taxonomy":"product_cat","embeddable":true,"href":"https:\/\/shop.dacianodacosta.pt\/pt\/wp-json\/wp\/v2\/product_cat?post=4673"},{"taxonomy":"product_tag","embeddable":true,"href":"https:\/\/shop.dacianodacosta.pt\/pt\/wp-json\/wp\/v2\/product_tag?post=4673"}],"curies":[{"name":"wp","href":"https:\/\/api.w.org\/{rel}","templated":true}]}}